{"id":3278,"date":"2019-06-19T17:59:21","date_gmt":"2019-06-19T17:59:21","guid":{"rendered":"http:\/\/themes.webdevia.com\/backhoe-heavy-construction-equipment-rentals-machinery-wordpress-theme\/?page_id=3278"},"modified":"2021-06-29T08:01:21","modified_gmt":"2021-06-29T06:01:21","slug":"o-nas","status":"publish","type":"page","link":"https:\/\/hudyka.pl\/wypozyczalnia\/o-nas\/","title":{"rendered":"O nas"},"content":{"rendered":"<p>[vc_row][vc_column width=&#8221;1\/12&#8243; offset=&#8221;vc_col-lg-1 vc_hidden-md vc_hidden-sm vc_hidden-xs&#8221; el_class=&#8221;mi-column&#8221;][\/vc_column][vc_column width=&#8221;5\/12&#8243; el_class=&#8221;single_image-bg&#8221;]\n\n<div class=\"wd_empty_space\" data-heightmobile=\"0\" data-heighttablet=\"30\" data-heightdesktop=\"30\">\n\n<\/div>\n      \n\n\n\n        \n      \n    [vc_single_image image=&#8221;5380&#8243; img_size=&#8221;&#8221; css=&#8221;.vc_custom_1623972255071{padding-top: 0px !important;padding-right: 0px !important;}&#8221;][\/vc_column][vc_column width=&#8221;1\/12&#8243; offset=&#8221;vc_col-lg-1 vc_hidden-md vc_hidden-sm vc_hidden-xs&#8221;][\/vc_column][vc_column width=&#8221;5\/12&#8243;][vc_column_text]<\/p>\n<div class=\"wpb_text_column wpb_content_element \">\n<div class=\"wpb_wrapper\">\n<p>Jeste\u015bmy firm\u0105 z wieloletnim do\u015bwiadczeniem, oraz w\u0142asnym zapleczem serwisowym.<\/p>\n<p>Posiadamy niezawodny sprz\u0119t sprawdzonych producent\u00f3w, gwarantuj\u0105cych Pa\u0144stwu niezawodn\u0105 i przyjemn\u0105 prac\u0119 urz\u0105dze\u0144.<\/p>\n<p>Na \u017cyczenie klienta sprz\u0119t dostarczamy naszym transportem.<\/p>\n<\/div>\n<\/div>\n<p>[\/vc_column_text][\/vc_column][\/vc_row][vc_row][vc_column]\n\n<div class=\"wd_empty_space\" data-heightmobile=\"40\" data-heighttablet=\"40\" data-heightdesktop=\"80\">\n\n<\/div>\n      \n\n\n\n        \n      \n    [\/vc_column][vc_column width=&#8221;1\/3&#8243;]\n\t<div class=\" text-icon text-icon--icon-top_position boxes  clearfix\"  >\n\t\t<div class=\"text-icon__container  left \">\n\t\t\t\t\t\t\t<div class=\"text-icon__icon-box \">\n\t\t\t\t\t\t\t\t\t\t\t<img src=\"\/\/placehold.it\/408x278\/eee\/222\/&text=+\" alt=\"zegar\" data-src=\"https:\/\/hudyka.pl\/wypozyczalnia\/wp-content\/uploads\/2021\/06\/zegar.png\" data-srcset=\"\" class=\"lazy\">\n\t\t\t\t\t\t\t\t\t<\/div>\n\t\t\t\t<div class=\"text-icon__content-box\">\n\t\t\t\t\t<h4 class=\"text-icon__title \">\n\t\t\t\t\t\tCzas wynajmu\t\t\t\t\t<\/h4>\n\t\t\t\t\t<p class=\"text-icon__text  \">U nas mo\u017cna wynaj\u0105\u0107 sprz\u0119t ju\u017c na 1\/2 doby w przyst\u0119pnych cenach. Przy d\u0142u\u017cszym wynajmie mo\u017cliwo\u015b\u0107 negocjacji cen.<\/p>\n\t\t\t\t<\/div>\n\t\t\t\t\t\t<\/div>\n\t<\/div>\n\t\n\n<div class=\"wd_empty_space\" data-heightmobile=\"0\" data-heighttablet=\"30\" data-heightdesktop=\"40\">\n\n<\/div>\n      \n\n\n\n        \n      \n    [\/vc_column][vc_column width=&#8221;1\/3&#8243;]\n\t<div class=\" text-icon text-icon--icon-top_position boxes  clearfix\"  >\n\t\t<div class=\"text-icon__container  left \">\n\t\t\t\t\t\t\t<div class=\"text-icon__icon-box \">\n\t\t\t\t\t\t\t\t\t\t\t<img src=\"\/\/placehold.it\/408x278\/eee\/222\/&text=+\" alt=\"Sprz\u0119t sprawdzonych marek\" data-src=\"https:\/\/hudyka.pl\/wypozyczalnia\/wp-content\/uploads\/2021\/06\/Screenshot-2021-06-22-at-17-31-00-O-nas-\u2013-hudyka.png\" data-srcset=\"\" class=\"lazy\">\n\t\t\t\t\t\t\t\t\t<\/div>\n\t\t\t\t<div class=\"text-icon__content-box\">\n\t\t\t\t\t<h4 class=\"text-icon__title \">\n\t\t\t\t\t\tSprz\u0119t sprawdzonych marek\t\t\t\t\t<\/h4>\n\t\t\t\t\t<p class=\"text-icon__text  \">Posiadamy szeroki asortyment sprz\u0119tu znanych i sprawdzonych marek<\/p>\n\t\t\t\t<\/div>\n\t\t\t\t\t\t<\/div>\n\t<\/div>\n\t\n\n<div class=\"wd_empty_space\" data-heightmobile=\"0\" data-heighttablet=\"30\" data-heightdesktop=\"40\">\n\n<\/div>\n      \n\n\n\n        \n      \n    [\/vc_column][vc_column width=&#8221;1\/3&#8243;]\n\t<div class=\" text-icon text-icon--icon-top_position boxes  clearfix\"  >\n\t\t<div class=\"text-icon__container  left \">\n\t\t\t\t\t\t\t<div class=\"text-icon__icon-box \">\n\t\t\t\t\t\t\t\t\t\t\t<img src=\"\/\/placehold.it\/408x278\/eee\/222\/&text=+\" alt=\"wrench\" data-src=\"https:\/\/hudyka.pl\/wypozyczalnia\/wp-content\/uploads\/2021\/06\/wrench.png\" data-srcset=\"\" class=\"lazy\">\n\t\t\t\t\t\t\t\t\t<\/div>\n\t\t\t\t<div class=\"text-icon__content-box\">\n\t\t\t\t\t<h4 class=\"text-icon__title \">\n\t\t\t\t\t\tSerwis\t\t\t\t\t<\/h4>\n\t\t\t\t\t<p class=\"text-icon__text  \">Posiadamy w\u0142asne zaplecze serwisowe, pozwalaj\u0105ce na utrzymanie sprz\u0119tu w bardzo dobrym stanie technicznym.<\/p>\n\t\t\t\t<\/div>\n\t\t\t\t\t\t<\/div>\n\t<\/div>\n\t\n\n<div class=\"wd_empty_space\" data-heightmobile=\"0\" data-heighttablet=\"30\" data-heightdesktop=\"40\">\n\n<\/div>\n      \n\n\n\n        \n      \n    [\/vc_column][\/vc_row][vc_row][vc_column][vc_gmaps link=&#8221;#E-8_JTNDaWZyYW1lJTIwc3JjJTNEJTIyaHR0cHMlM0ElMkYlMkZ3d3cuZ29vZ2xlLmNvbSUyRm1hcHMlMkZlbWJlZCUzRnBiJTNEJTIxMW0xOCUyMTFtMTIlMjExbTMlMjExZDI1MzQuNzA2MDk2NzcwODc4JTIxMmQyMC4wNTAwODA5MTU5NTgxODMlMjEzZDUwLjU1ODIzNTM4NzQ3MzE5JTIxMm0zJTIxMWYwJTIxMmYwJTIxM2YwJTIxM20yJTIxMWkxMDI0JTIxMmk3NjglMjE0ZjEzLjElMjEzbTMlMjExbTIlMjExczB4NDcxNzBhNWFjODk2ZGI4MSUyNTNBMHhjNDA4ZTFhOTNkYzRjMWM4JTIxMnNBZ3JvcyUyNTIwSHVkeWthJTIxNWUwJTIxM20yJTIxMXNwbCUyMTJzcGwlMjE0djE2MjE1MTM5MDE0ODclMjE1bTIlMjExc3BsJTIxMnNwbCUyMiUyMHdpZHRoJTNEJTIyNjAwJTIyJTIwaGVpZ2h0JTNEJTIyNDUwJTIyJTIwc3R5bGUlM0QlMjJib3JkZXIlM0EwJTNCJTIyJTIwYWxsb3dmdWxsc2NyZWVuJTNEJTIyJTIyJTIwbG9hZGluZyUzRCUyMmxhenklMjIlM0UlM0MlMkZpZnJhbWUlM0U=&#8221;]\n\n<div class=\"wd_empty_space\" data-heightmobile=\"40\" data-heighttablet=\"40\" data-heightdesktop=\"80\">\n\n<\/div>\n      \n\n\n\n        \n      \n    [\/vc_column][\/vc_row]<\/p>\n","protected":false},"excerpt":{"rendered":"<p>[vc_row][vc_column width=&#8221;1\/12&#8243; offset=&#8221;vc_col-lg-1 vc_hidden-md vc_hidden-sm vc_hidden-xs&#8221; el_class=&#8221;mi-column&#8221;][\/vc_column][vc_column width=&#8221;5\/12&#8243; el_class=&#8221;single_image-bg&#8221;][vc_single_image image=&#8221;5380&#8243; img_size=&#8221;&#8221; css=&#8221;.vc_custom_1623972255071{padding-top: 0px !important;padding-right: 0px !important;}&#8221;][\/vc_column][vc_column width=&#8221;1\/12&#8243; offset=&#8221;vc_col-lg-1 vc_hidden-md vc_hidden-sm vc_hidden-xs&#8221;][\/vc_column][vc_column width=&#8221;5\/12&#8243;][vc_column_text] Jeste\u015bmy firm\u0105 z wieloletnim do\u015bwiadczeniem, oraz w\u0142asnym zapleczem serwisowym. Posiadamy niezawodny sprz\u0119t sprawdzonych producent\u00f3w, gwarantuj\u0105cych Pa\u0144stwu niezawodn\u0105 i przyjemn\u0105 prac\u0119 urz\u0105dze\u0144. Na \u017cyczenie klienta sprz\u0119t dostarczamy naszym transportem. [\/vc_column_text][\/vc_column][\/vc_row][vc_row][vc_column][\/vc_column][vc_column width=&#8221;1\/3&#8243;][\/vc_column][vc_column width=&#8221;1\/3&#8243;][\/vc_column][vc_column width=&#8221;1\/3&#8243;][\/vc_column][\/vc_row][vc_row][vc_column][vc_gmaps link=&#8221;#E-8_JTNDaWZyYW1lJTIwc3JjJTNEJTIyaHR0cHMlM0ElMkYlMkZ3d3cuZ29vZ2xlLmNvbSUyRm1hcHMlMkZlbWJlZCUzRnBiJTNEJTIxMW0xOCUyMTFtMTIlMjExbTMlMjExZDI1MzQuNzA2MDk2NzcwODc4JTIxMmQyMC4wNTAwODA5MTU5NTgxODMlMjEzZDUwLjU1ODIzNTM4NzQ3MzE5JTIxMm0zJTIxMWYwJTIxMmYwJTIxM2YwJTIxM20yJTIxMWkxMDI0JTIxMmk3NjglMjE0ZjEzLjElMjEzbTMlMjExbTIlMjExczB4NDcxNzBhNWFjODk2ZGI4MSUyNTNBMHhjNDA4ZTFhOTNkYzRjMWM4JTIxMnNBZ3JvcyUyNTIwSHVkeWthJTIxNWUwJTIxM20yJTIxMXNwbCUyMTJzcGwlMjE0djE2MjE1MTM5MDE0ODclMjE1bTIlMjExc3BsJTIxMnNwbCUyMiUyMHdpZHRoJTNEJTIyNjAwJTIyJTIwaGVpZ2h0JTNEJTIyNDUwJTIyJTIwc3R5bGUlM0QlMjJib3JkZXIlM0EwJTNCJTIyJTIwYWxsb3dmdWxsc2NyZWVuJTNEJTIyJTIyJTIwbG9hZGluZyUzRCUyMmxhenklMjIlM0UlM0MlMkZpZnJhbWUlM0U=&#8221;][\/vc_column][\/vc_row]<\/p>\n","protected":false},"author":1,"featured_media":0,"parent":0,"menu_order":0,"comment_status":"closed","ping_status":"closed","template":"","meta":[],"_links":{"self":[{"href":"https:\/\/hudyka.pl\/wypozyczalnia\/wp-json\/wp\/v2\/pages\/3278"}],"collection":[{"href":"https:\/\/hudyka.pl\/wypozyczalnia\/wp-json\/wp\/v2\/pages"}],"about":[{"href":"https:\/\/hudyka.pl\/wypozyczalnia\/wp-json\/wp\/v2\/types\/page"}],"author":[{"embeddable":true,"href":"https:\/\/hudyka.pl\/wypozyczalnia\/wp-json\/wp\/v2\/users\/1"}],"replies":[{"embeddable":true,"href":"https:\/\/hudyka.pl\/wypozyczalnia\/wp-json\/wp\/v2\/comments?post=3278"}],"version-history":[{"count":7,"href":"https:\/\/hudyka.pl\/wypozyczalnia\/wp-json\/wp\/v2\/pages\/3278\/revisions"}],"predecessor-version":[{"id":5437,"href":"https:\/\/hudyka.pl\/wypozyczalnia\/wp-json\/wp\/v2\/pages\/3278\/revisions\/5437"}],"wp:attachment":[{"href":"https:\/\/hudyka.pl\/wypozyczalnia\/wp-json\/wp\/v2\/media?parent=3278"}],"curies":[{"name":"wp","href":"https:\/\/api.w.org\/{rel}","templated":true}]}}