{"id":3877,"date":"2019-07-02T17:25:34","date_gmt":"2019-07-02T17:25:34","guid":{"rendered":"http:\/\/themes.webdevia.com\/backhoe-heavy-construction-equipment-rentals-machinery-wordpress-theme\/?page_id=3877"},"modified":"2024-06-12T12:55:42","modified_gmt":"2024-06-12T10:55:42","slug":"glowna","status":"publish","type":"page","link":"https:\/\/hudyka.pl\/wypozyczalnia\/","title":{"rendered":"G\u0142\u00f3wna"},"content":{"rendered":"<p>[vc_row full_width=&#8221;stretch_row&#8221; css=&#8221;.vc_custom_1622571318720{background-image: url(https:\/\/hudyka.pl\/wypozyczalnia\/wp-content\/uploads\/2021\/06\/visualhunt-lawn-mower-hand-lawn-mower-lawn-mowing-mow-meadow-scaled.jpg?id=5401) !important;background-position: center !important;background-repeat: no-repeat !important;background-size: cover !important;}&#8221; font_color=&#8221;#ffffff&#8221;][vc_column offset=&#8221;vc_hidden-sm vc_hidden-xs&#8221;]\n\n<div class=\"wd_empty_space\" data-heightmobile=\"100\" data-heighttablet=\"120\" data-heightdesktop=\"150\">\n\n<\/div>\n      \n\n\n\n        \n      \n    [vc_column_text el_class=&#8221;baner&#8221;]<\/p>\n<h1><strong>Wypo\u017cyczalnia sprz\u0119tu ogrodniczego, budowlanego i transportowego.<\/strong><\/h1>\n<p>[\/vc_column_text]\n\n<div class=\"wd_empty_space\" data-heightmobile=\"130px\" data-heighttablet=\"130px\" data-heightdesktop=\"120\">\n\n<\/div>\n      \n\n\n\n        \n      \n    [\/vc_column][\/vc_row][vc_row][vc_column]<div class='wd_empty_space' data-heightmobile='50' data-heighttablet='50' data-heightdesktop='80'><\/div>  <div class=\"wd-heading text-left  \"\n\t\t    style=\"; \" data-devia-animate=''>\n\t\t\n\t\t\t\n      <h2 style=\"\" class=\"title_a\"\n      data-text=\"Wybierz kategori\u0119\">\n\t\t\tWybierz kategori\u0119      <\/h2>\n\n\t\t\t\t\t\t\t\t\t<hr class='hr_a' style=' margin: 10px 0;border-bottom-color: #e77817;'\/>\n\t\t    <\/div>\n    <div class='wd_empty_space' data-heightmobile='20' data-heighttablet='20' data-heightdesktop='50'><\/div>[\/vc_column][\/vc_row][vc_row][vc_column width=&#8221;1\/3&#8243; css=&#8221;.vc_custom_1622654222463{background-image: url(https:\/\/hudyka.pl\/wypozyczalnia\/wp-content\/uploads\/2021\/05\/f-35612-podstawowy-sprzet-ogrodniczy.jpg?id=5395) !important;background-position: center !important;background-repeat: no-repeat !important;background-size: cover !important;}&#8221;]\n\t<div class=\" vc_custom_1626115459211 no-hover text-icon text-icon--icon-top_position boxes  clearfix\"  >\n\t\t<div class=\"text-icon__container  center \">\n\t\t\t\t\t\t<a href=\"https:\/\/hudyka.pl\/wypozyczalnia\/kategoria\/sprzet-ogrodniczy\/\">\n\t\t\t\t\t\t\t\t<div class=\"text-icon__icon-box \">\n\t\t\t\t\t\t\t\t\t\t\t<img src=\"\/\/placehold.it\/408x278\/eee\/222\/&text=+\" alt=\"\" data-src=\"\" data-srcset=\"\" class=\"lazy\">\n\t\t\t\t\t\t\t\t\t<\/div>\n\t\t\t\t<div class=\"text-icon__content-box\">\n\t\t\t\t\t<h4 class=\"text-icon__title \">\n\t\t\t\t\t\tSprz\u0119t ogrodniczy\t\t\t\t\t<\/h4>\n\t\t\t\t\t<p class=\"text-icon__text  \"><\/p>\n\t\t\t\t<\/div>\n\t\t\t\t\t\t\t<\/a>\n\t\t\t\t<\/div>\n\t<\/div>\n\t[\/vc_column][vc_column width=&#8221;1\/3&#8243; css=&#8221;.vc_custom_1622655467386{background-image: url(https:\/\/hudyka.pl\/wypozyczalnia\/wp-content\/uploads\/2021\/06\/kaltmann_kzgpro_add1.jpg?id=5407) !important;background-position: center !important;background-repeat: no-repeat !important;background-size: cover !important;}&#8221;]\n\t<div class=\" vc_custom_1626115473556 no-hover text-icon text-icon--icon-top_position boxes  clearfix\"  >\n\t\t<div class=\"text-icon__container  center \">\n\t\t\t\t\t\t<a href=\"https:\/\/hudyka.pl\/wypozyczalnia\/kategoria\/sprzet-budowlany\/\">\n\t\t\t\t\t\t\t\t<div class=\"text-icon__icon-box \">\n\t\t\t\t\t\t\t\t\t\t\t<img src=\"\/\/placehold.it\/408x278\/eee\/222\/&text=+\" alt=\"\" data-src=\"\" data-srcset=\"\" class=\"lazy\">\n\t\t\t\t\t\t\t\t\t<\/div>\n\t\t\t\t<div class=\"text-icon__content-box\">\n\t\t\t\t\t<h4 class=\"text-icon__title \">\n\t\t\t\t\t\tSprz\u0119t budowlany\t\t\t\t\t<\/h4>\n\t\t\t\t\t<p class=\"text-icon__text  \"><\/p>\n\t\t\t\t<\/div>\n\t\t\t\t\t\t\t<\/a>\n\t\t\t\t<\/div>\n\t<\/div>\n\t[\/vc_column][vc_column width=&#8221;1\/3&#8243; css=&#8221;.vc_custom_1622656800076{background-image: url(https:\/\/hudyka.pl\/wypozyczalnia\/wp-content\/uploads\/2021\/06\/lphdt.jpg?id=5409) !important;background-position: center !important;background-repeat: no-repeat !important;background-size: cover !important;}&#8221;]\n\t<div class=\" vc_custom_1626115488555 no-hover text-icon text-icon--icon-top_position boxes  clearfix\"  >\n\t\t<div class=\"text-icon__container  center \">\n\t\t\t\t\t\t<a href=\"https:\/\/hudyka.pl\/wypozyczalnia\/kategoria\/transport\/\">\n\t\t\t\t\t\t\t\t<div class=\"text-icon__icon-box \">\n\t\t\t\t\t\t\t\t\t\t\t<img src=\"\/\/placehold.it\/408x278\/eee\/222\/&text=+\" alt=\"\" data-src=\"\" data-srcset=\"\" class=\"lazy\">\n\t\t\t\t\t\t\t\t\t<\/div>\n\t\t\t\t<div class=\"text-icon__content-box\">\n\t\t\t\t\t<h4 class=\"text-icon__title \">\n\t\t\t\t\t\tTransport\t\t\t\t\t<\/h4>\n\t\t\t\t\t<p class=\"text-icon__text  \"><\/p>\n\t\t\t\t<\/div>\n\t\t\t\t\t\t\t<\/a>\n\t\t\t\t<\/div>\n\t<\/div>\n\t[\/vc_column][vc_column]\n\n<div class=\"wd_empty_space\" data-heightmobile=\"10\" data-heighttablet=\"50\" data-heightdesktop=\"100\">\n\n<\/div>\n      \n\n\n\n        \n      \n    \n  <div\n    class=\"wd-btn-wrap text-center \" >\n    <a href=\"https:\/\/hudyka.pl\/wypozyczalnia\/oferta\/\" class=\"wd-btn btn-solid btn-color-1 hover-color-1 btn-medium btn-none  icon-after\"\n              style=\"color:#ffffff;;  background-color:#ee7d00;\"\n        onMouseOver=\"this.style.color='#ffffff', this.style.backgroundColor='#006437'\"\n        onMouseOut=\"this.style.color='#ffffff', this.style.backgroundColor='#ee7d00'\"\n        \n\n    >\n      Pe\u0142na oferta    <\/a>\n  <\/div>\n\n\n<div class=\"wd_empty_space\" data-heightmobile=\"100\" data-heighttablet=\"150\" data-heightdesktop=\"200\">\n\n<\/div>\n      \n\n\n\n        \n      \n    [\/vc_column][\/vc_row][vc_row][vc_column]<div class='wd_empty_space' data-heightmobile='' data-heighttablet='' data-heightdesktop=''><\/div>  <div class=\"wd-heading text-left  \"\n\t\t    style=\"; \" data-devia-animate=''>\n\t\t\n\t\t\t\n      <h2 style=\"\" class=\"title_a\"\n      data-text=\"Kim jeste\u015bmy?\">\n\t\t\tKim jeste\u015bmy?      <\/h2>\n\n\t\t\t\t\t\t        <p style=\"\" class=\"sub_title_a\">\n\t\t\t\tKim jeste\u015bmy?        <\/p>\n\t\t\t\t\t\t<hr class='hr_a' style=' margin: 10px 0;border-bottom-color: #e77817;'\/>\n\t\t    <\/div>\n    <div class='wd_empty_space' data-heightmobile='67' data-heighttablet='67' data-heightdesktop='67'><\/div>[vc_column_text]Jeste\u015bmy firm\u0105 z wieloletnim do\u015bwiadczeniem, oraz w\u0142asnym zapleczem serwisowym.<\/p>\n<p>Posiadamy niezawodny sprz\u0119t sprawdzonych producent\u00f3w, gwarantuj\u0105cych Pa\u0144stwu niezawodn\u0105 i przyjemn\u0105 prac\u0119 urz\u0105dze\u0144.<\/p>\n<p>Na \u017cyczenie klienta sprz\u0119t dostarczamy naszym transportem.[\/vc_column_text]\n\n<div class=\"wd_empty_space\" data-heightmobile=\"130px\" data-heighttablet=\"130px\" data-heightdesktop=\"130px\">\n\n<\/div>\n      \n\n\n\n        \n      \n    [\/vc_column][\/vc_row][vc_row][vc_column]<div class='wd_empty_space' data-heightmobile='' data-heighttablet='' data-heightdesktop=''><\/div>  <div class=\"wd-heading text-left  \"\n\t\t    style=\"; \" data-devia-animate=''>\n\t\t\n\t\t\t\n      <h2 style=\"\" class=\"title_a\"\n      data-text=\"Dlaczego w\u0142a\u015bnie my?\">\n\t\t\tDlaczego w\u0142a\u015bnie my?      <\/h2>\n\n\t\t\t\t\t\t        <p style=\"\" class=\"sub_title_a\">\n\t\t\t\tDlaczego w\u0142a\u015bnie my?        <\/p>\n\t\t\t\t\t\t<hr class='hr_a' style=' margin: 10px 0;border-bottom-color: #e77817;'\/>\n\t\t    <\/div>\n    <div class='wd_empty_space' data-heightmobile='67' data-heighttablet='67' data-heightdesktop='67'><\/div>[\/vc_column][\/vc_row][vc_row][vc_column width=&#8221;1\/3&#8243;]\n\t<div class=\" vc_custom_1624946505184 no-hover text-icon text-icon--icon-top_position boxes  clearfix\"  >\n\t\t<div class=\"text-icon__container  left \">\n\t\t\t\t\t\t\t<div class=\"text-icon__icon-box \">\n\t\t\t\t\t\t\t\t\t\t\t<img src=\"\/\/placehold.it\/408x278\/eee\/222\/&text=+\" alt=\"zegar\" data-src=\"https:\/\/hudyka.pl\/wypozyczalnia\/wp-content\/uploads\/2021\/06\/zegar.png\" data-srcset=\"\" class=\"lazy\">\n\t\t\t\t\t\t\t\t\t<\/div>\n\t\t\t\t<div class=\"text-icon__content-box\">\n\t\t\t\t\t<h4 class=\"text-icon__title \">\n\t\t\t\t\t\tCzas wynajmu\t\t\t\t\t<\/h4>\n\t\t\t\t\t<p class=\"text-icon__text  \">U nas mo\u017cna wynaj\u0105\u0107 sprz\u0119t ju\u017c na 1\/2 doby w przyst\u0119pnych cenach. Przy d\u0142u\u017cszym wynajmie mo\u017cliwo\u015b\u0107 negocjacji cen.<\/p>\n\t\t\t\t<\/div>\n\t\t\t\t\t\t<\/div>\n\t<\/div>\n\t[\/vc_column][vc_column width=&#8221;1\/3&#8243;]\n\t<div class=\" vc_custom_1624375967227 no-hover text-icon text-icon--icon-top_position boxes  clearfix\"  >\n\t\t<div class=\"text-icon__container  left \">\n\t\t\t\t\t\t\t<div class=\"text-icon__icon-box \">\n\t\t\t\t\t\t\t\t\t\t\t<img src=\"\/\/placehold.it\/408x278\/eee\/222\/&text=+\" alt=\"Sprz\u0119t sprawdzonych marek\" data-src=\"https:\/\/hudyka.pl\/wypozyczalnia\/wp-content\/uploads\/2021\/06\/Screenshot-2021-06-22-at-17-31-00-O-nas-\u2013-hudyka.png\" data-srcset=\"\" class=\"lazy\">\n\t\t\t\t\t\t\t\t\t<\/div>\n\t\t\t\t<div class=\"text-icon__content-box\">\n\t\t\t\t\t<h4 class=\"text-icon__title \">\n\t\t\t\t\t\tSprz\u0119t sprawdzonych marek\t\t\t\t\t<\/h4>\n\t\t\t\t\t<p class=\"text-icon__text  \">Posiadamy szeroki asortyment sprz\u0119tu znanych i sprawdzonych marek<\/p>\n\t\t\t\t<\/div>\n\t\t\t\t\t\t<\/div>\n\t<\/div>\n\t[\/vc_column][vc_column width=&#8221;1\/3&#8243;]\n\t<div class=\" vc_custom_1624946517431 no-hover text-icon text-icon--icon-top_position boxes  clearfix\"  >\n\t\t<div class=\"text-icon__container  left \">\n\t\t\t\t\t\t\t<div class=\"text-icon__icon-box \">\n\t\t\t\t\t\t\t\t\t\t\t<img src=\"\/\/placehold.it\/408x278\/eee\/222\/&text=+\" alt=\"wrench\" data-src=\"https:\/\/hudyka.pl\/wypozyczalnia\/wp-content\/uploads\/2021\/06\/wrench.png\" data-srcset=\"\" class=\"lazy\">\n\t\t\t\t\t\t\t\t\t<\/div>\n\t\t\t\t<div class=\"text-icon__content-box\">\n\t\t\t\t\t<h4 class=\"text-icon__title \">\n\t\t\t\t\t\tSerwis\t\t\t\t\t<\/h4>\n\t\t\t\t\t<p class=\"text-icon__text  \">Posiadamy w\u0142asne zaplecze serwisowe, pozwalaj\u0105ce na utrzymanie sprz\u0119tu w bardzo dobrym stanie technicznym.<\/p>\n\t\t\t\t<\/div>\n\t\t\t\t\t\t<\/div>\n\t<\/div>\n\t[\/vc_column][vc_column]\n\n<div class=\"wd_empty_space\" data-heightmobile=\"130px\" data-heighttablet=\"130px\" data-heightdesktop=\"130px\">\n\n<\/div>\n      \n\n\n\n        \n      \n    [\/vc_column][\/vc_row][vc_row][vc_column]<div class='wd_empty_space' data-heightmobile='' data-heighttablet='' data-heightdesktop=''><\/div>  <div class=\"wd-heading text-left  \"\n\t\t    style=\"; \" data-devia-animate=''>\n\t\t\n\t\t\t\n      <h2 style=\"\" class=\"title_a\"\n      data-text=\"Wyr\u00f3\u017cnione oferty\">\n\t\t\tWyr\u00f3\u017cnione oferty      <\/h2>\n\n\t\t\t\t\t\t        <p style=\"\" class=\"sub_title_a\">\n\t\t\t\tWyr\u00f3\u017cnione oferty        <\/p>\n\t\t\t\t\t\t<hr class='hr_a' style=' margin: 10px 0;border-bottom-color: #e77817;'\/>\n\t\t    <\/div>\n    <div class='wd_empty_space' data-heightmobile='60' data-heighttablet='60' data-heightdesktop='60'><\/div>[\/vc_column][\/vc_row][vc_row][vc_column]<div class=\"woocommerce columns-4 \"><\/div>[\/vc_column][vc_column]\n\n<div class=\"wd_empty_space\" data-heightmobile=\"130px\" data-heighttablet=\"130px\" data-heightdesktop=\"130px\">\n\n<\/div>\n      \n\n\n\n        \n      \n    [\/vc_column][\/vc_row][vc_row full_width=&#8221;stretch_row&#8221; css=&#8221;.vc_custom_1623974923663{background-image: url(https:\/\/hudyka.pl\/wypozyczalnia\/wp-content\/uploads\/2019\/10\/testimonial-bg.jpg?id=5011) !important;background-position: center !important;background-repeat: no-repeat !important;background-size: cover !important;}&#8221;][vc_column]<div class='wd_empty_space' data-heightmobile='80' data-heighttablet='80' data-heightdesktop='80'><\/div>  <div class=\"wd-heading text-left  \"\n\t\t    style=\"max-width:600px;; \" data-devia-animate=''>\n\t\t\n\t\t\t\n      <h2 style=\"color:#ffffff;\" class=\"title_a\"\n      data-text=\"Klienci o nas\">\n\t\t\tKlienci o nas      <\/h2>\n\n\t\t\t\t\t\t        <p style=\"color:#ffffff;\" class=\"sub_title_a\">\n\t\t\t\tKlienci o nas        <\/p>\n\t\t\t\t\t\t<hr class='hr_a' style=' margin: 10px 0;border-bottom-color: #e77817;'\/>\n\t\t    <\/div>\n    <div class='wd_empty_space' data-heightmobile='0' data-heighttablet='0' data-heightdesktop='0'><\/div>\n\n<div class=\"wd_empty_space\" data-heightmobile=\"440\" data-heighttablet=\"440\" data-heightdesktop=\"440\">\n\n<\/div>\n      \n\n\n\n        \n      \n    [\/vc_column][\/vc_row][vc_row css=&#8221;.vc_custom_1562174918695{margin-top: -440px !important;}&#8221;][vc_column][vc_column_text]\t\t<div class=\"owl-testimonial wd-testimonial wd-testimonial_layout_3\" \t\tdata-slick='{ \"slidesToShow\": 1, \"slidesToScroll\": 1}'>\n\t\t<blockquote class=\"wd-testimonial__item\">\n\t\t<div class=\"wd-testimonial__thumbnail\">\n\t\t\t\t\t\t\t<div style=\"background-image: url('https:\/\/hudyka.pl\/wypozyczalnia\/wp-content\/uploads\/2019\/07\/testimon-@2x-833x510.jpg')\"><\/div>\n\t\t\t\t\t<\/div>\n\t\t<div class=\"wd-testimonial__info\">\n\t\t\t<div class=\"excerpt\">\n\t\t\t\tGor\u0105co polecam ! Wszystko przebieg\u0142o pomy\u015blnie.\t\t\t<\/div>\n\t\t\t<h5 class=\"title\">\n\t\t\t\tJan testowy\t\t\t<\/h5>\n\t\t\t<p class=\"job p-small\">\n\t\t\t\t\t\t\t<\/p>\n\t\t<\/div>\n\t<\/blockquote>\n\t\t<\/div>\n[\/vc_column_text][\/vc_column][\/vc_row][vc_row][vc_column]<div class='wd_empty_space' data-heightmobile='80' data-heighttablet='80' data-heightdesktop='120'><\/div>  <div class=\"wd-heading text-left  \"\n\t\t    style=\"max-width:600px;; \" data-devia-animate=''>\n\t\t\n\t\t\t\n      <h2 style=\"\" class=\"title_a\"\n      data-text=\"Aktualno\u015bci\">\n\t\t\tAktualno\u015bci      <\/h2>\n\n\t\t\t\t\t\t        <p style=\"\" class=\"sub_title_a\">\n\t\t\t\tAktualno\u015bci        <\/p>\n\t\t\t\t\t\t<hr class='hr_a' style=' margin: 10px 0;border-bottom-color: #e77817;'\/>\n\t\t    <\/div>\n    <div class='wd_empty_space' data-heightmobile='80' data-heighttablet='80' data-heightdesktop='80'><\/div>[\/vc_column][\/vc_row][vc_row][vc_column]\t\t\t\t<div class='small-up-1 large-up-3'>\n\t\t\t\t\t\t\t\t\t<\/div>\n\n\n<div class=\"wd_empty_space\" data-heightmobile=\"20\" data-heighttablet=\"40\" data-heightdesktop=\"100\">\n\n<\/div>\n      \n\n\n\n        \n      \n    [\/vc_column][\/vc_row]<\/p>\n","protected":false},"excerpt":{"rendered":"<p>[vc_row full_width=&#8221;stretch_row&#8221; css=&#8221;.vc_custom_1622571318720{background-image: url(https:\/\/hudyka.pl\/wypozyczalnia\/wp-content\/uploads\/2021\/06\/visualhunt-lawn-mower-hand-lawn-mower-lawn-mowing-mow-meadow-scaled.jpg?id=5401) !important;background-position: center !important;background-repeat: no-repeat !important;background-size: cover !important;}&#8221; font_color=&#8221;#ffffff&#8221;][vc_column offset=&#8221;vc_hidden-sm vc_hidden-xs&#8221;][vc_column_text el_class=&#8221;baner&#8221;] Wypo\u017cyczalnia sprz\u0119tu ogrodniczego, budowlanego i transportowego. [\/vc_column_text][\/vc_column][\/vc_row][vc_row][vc_column][\/vc_column][\/vc_row][vc_row][vc_column width=&#8221;1\/3&#8243; css=&#8221;.vc_custom_1622654222463{background-image: url(https:\/\/hudyka.pl\/wypozyczalnia\/wp-content\/uploads\/2021\/05\/f-35612-podstawowy-sprzet-ogrodniczy.jpg?id=5395) !important;background-position: center !important;background-repeat: no-repeat !important;background-size: cover !important;}&#8221;][\/vc_column][vc_column width=&#8221;1\/3&#8243; css=&#8221;.vc_custom_1622655467386{background-image: url(https:\/\/hudyka.pl\/wypozyczalnia\/wp-content\/uploads\/2021\/06\/kaltmann_kzgpro_add1.jpg?id=5407) !important;background-position: center !important;background-repeat: no-repeat !important;background-size: cover !important;}&#8221;][\/vc_column][vc_column width=&#8221;1\/3&#8243; css=&#8221;.vc_custom_1622656800076{background-image: url(https:\/\/hudyka.pl\/wypozyczalnia\/wp-content\/uploads\/2021\/06\/lphdt.jpg?id=5409) !important;background-position: center !important;background-repeat: no-repeat !important;background-size: cover !important;}&#8221;][\/vc_column][vc_column][\/vc_column][\/vc_row][vc_row][vc_column][vc_column_text]Jeste\u015bmy firm\u0105 z wieloletnim [&hellip;]<\/p>\n","protected":false},"author":1,"featured_media":0,"parent":0,"menu_order":0,"comment_status":"closed","ping_status":"closed","template":"","meta":[],"_links":{"self":[{"href":"https:\/\/hudyka.pl\/wypozyczalnia\/wp-json\/wp\/v2\/pages\/3877"}],"collection":[{"href":"https:\/\/hudyka.pl\/wypozyczalnia\/wp-json\/wp\/v2\/pages"}],"about":[{"href":"https:\/\/hudyka.pl\/wypozyczalnia\/wp-json\/wp\/v2\/types\/page"}],"author":[{"embeddable":true,"href":"https:\/\/hudyka.pl\/wypozyczalnia\/wp-json\/wp\/v2\/users\/1"}],"replies":[{"embeddable":true,"href":"https:\/\/hudyka.pl\/wypozyczalnia\/wp-json\/wp\/v2\/comments?post=3877"}],"version-history":[{"count":25,"href":"https:\/\/hudyka.pl\/wypozyczalnia\/wp-json\/wp\/v2\/pages\/3877\/revisions"}],"predecessor-version":[{"id":5891,"href":"https:\/\/hudyka.pl\/wypozyczalnia\/wp-json\/wp\/v2\/pages\/3877\/revisions\/5891"}],"wp:attachment":[{"href":"https:\/\/hudyka.pl\/wypozyczalnia\/wp-json\/wp\/v2\/media?parent=3877"}],"curies":[{"name":"wp","href":"https:\/\/api.w.org\/{rel}","templated":true}]}}