{"id":5472,"date":"2021-08-31T13:28:30","date_gmt":"2021-08-31T11:28:30","guid":{"rendered":"https:\/\/hudyka.pl\/wypozyczalnia\/?post_type=product&#038;p=5472"},"modified":"2025-03-27T10:41:59","modified_gmt":"2025-03-27T09:41:59","slug":"glebogryzarka-spalinowa-mh175rks","status":"publish","type":"product","link":"https:\/\/hudyka.pl\/wypozyczalnia\/oferta\/glebogryzarka-spalinowa-mh175rks\/","title":{"rendered":"Glebogryzarka spalinowa MH175RKS"},"content":{"rendered":"<p><a href=\"https:\/\/hudyka.pl\/wypozyczalnia\/wp-content\/uploads\/2021\/08\/instrukcja-MH-175RKS.pdf\">instrukcja MH 175RKS<\/a><\/p>\n<p>Glebogryzark\u0119 mo\u017cna r\u00f3wnie\u017c wypo\u017cyczy\u0107 z p\u0142ugiem na ko\u0142ach metalowych lub pneumatycznych.<\/p>\n<p>&nbsp;<\/p>\n","protected":false},"excerpt":{"rendered":"<p><strong>Dane techniczne:<\/strong><\/p>\n<ul>\n<li><b>silnik<\/b>: Emak<\/li>\n<li><b>pojemno\u015b\u0107<\/b>: 182cm3<\/li>\n<li><strong>moc<\/strong>: 6KM<\/li>\n<li><b>szeroko\u015b\u0107 robocza<\/b>: 39-60-82cm<\/li>\n<li><b>kierownica: <\/b>regulacja w pionie i poziomie<\/li>\n<li><b>biegi<\/b>: 1 do przodu, 1 do ty\u0142u<\/li>\n<li><strong>pr\u0119dko\u015b\u0107: <\/strong>bieg do przodu 8,4, bieg wsteczny 3,5<\/li>\n<li><strong>Pr\u0119dko\u015b\u0107 obrotowa wirnika rpm<\/strong>: bieg do przodu 149; bieg wsteczny 66<\/li>\n<li><b>Waga<\/b>: 55Kg<\/li>\n<\/ul>\n","protected":false},"featured_media":5778,"template":"","meta":[],"_links":{"self":[{"href":"https:\/\/hudyka.pl\/wypozyczalnia\/wp-json\/wp\/v2\/product\/5472"}],"collection":[{"href":"https:\/\/hudyka.pl\/wypozyczalnia\/wp-json\/wp\/v2\/product"}],"about":[{"href":"https:\/\/hudyka.pl\/wypozyczalnia\/wp-json\/wp\/v2\/types\/product"}],"wp:featuredmedia":[{"embeddable":true,"href":"https:\/\/hudyka.pl\/wypozyczalnia\/wp-json\/wp\/v2\/media\/5778"}],"wp:attachment":[{"href":"https:\/\/hudyka.pl\/wypozyczalnia\/wp-json\/wp\/v2\/media?parent=5472"}],"curies":[{"name":"wp","href":"https:\/\/api.w.org\/{rel}","templated":true}]}}