{"id":5530,"date":"2021-09-02T10:14:59","date_gmt":"2021-09-02T08:14:59","guid":{"rendered":"https:\/\/hudyka.pl\/wypozyczalnia\/?post_type=product&#038;p=5530"},"modified":"2024-03-19T10:23:09","modified_gmt":"2024-03-19T09:23:09","slug":"zageszczarka-spalinowa-vp2050","status":"publish","type":"product","link":"https:\/\/hudyka.pl\/wypozyczalnia\/oferta\/zageszczarka-spalinowa-vp2050\/","title":{"rendered":"Zag\u0119szczarka spalinowa VP2050 Wacker"},"content":{"rendered":"<p><a href=\"https:\/\/hudyka.pl\/wypozyczalnia\/wp-content\/uploads\/2021\/09\/Instrukcja-obslugi.pdf\">Instrukcja obs\u0142ugi<\/a><\/p>\n<p>&nbsp;<\/p>\n","protected":false},"excerpt":{"rendered":"<div class=\"woocommerce-product-details__short-description\">\n<div class=\"woocommerce-product-details__short-description\">\n<p><strong>Dane techniczne:<\/strong><\/p>\n<ul>\n<li><b>silnik<\/b>: Honda GX160<\/li>\n<li><b>pojemno\u015b\u0107<\/b>: 163cm3<\/li>\n<li><strong>moc<\/strong>: 5,5KM<\/li>\n<li><b>pojemno\u015b\u0107 zbiornika paliwa<\/b>: 3,6l<\/li>\n<li><strong>zu\u017cycie paliwa<\/strong>: 0,8 l\/h<\/li>\n<li><strong>maksymalna wydajno\u015b\u0107 powierzchniowa<\/strong>: 750 m2\/h<\/li>\n<li><b>pr\u0119dko\u015b\u0107 robocza<\/b>: 25 m\/min (w zale\u017cno\u015bci od gruntu i od czynnik\u00f3w zewn\u0119trznych)<\/li>\n<li><strong>si\u0142a od\u015brodkowa<\/strong>: 20 kN<\/li>\n<li><strong>szeroko\u015b\u0107 p\u0142yty roboczej<\/strong>: 505mm<\/li>\n<li><strong>d\u0142ugo\u015b\u0107 p\u0142yty roboczej<\/strong>: 596 mm<\/li>\n<li><b>Waga<\/b>: 101Kg<\/li>\n<\/ul>\n<\/div>\n<\/div>\n","protected":false},"featured_media":5544,"template":"","meta":[],"_links":{"self":[{"href":"https:\/\/hudyka.pl\/wypozyczalnia\/wp-json\/wp\/v2\/product\/5530"}],"collection":[{"href":"https:\/\/hudyka.pl\/wypozyczalnia\/wp-json\/wp\/v2\/product"}],"about":[{"href":"https:\/\/hudyka.pl\/wypozyczalnia\/wp-json\/wp\/v2\/types\/product"}],"wp:featuredmedia":[{"embeddable":true,"href":"https:\/\/hudyka.pl\/wypozyczalnia\/wp-json\/wp\/v2\/media\/5544"}],"wp:attachment":[{"href":"https:\/\/hudyka.pl\/wypozyczalnia\/wp-json\/wp\/v2\/media?parent=5530"}],"curies":[{"name":"wp","href":"https:\/\/api.w.org\/{rel}","templated":true}]}}