{"id":5548,"date":"2021-09-08T08:47:33","date_gmt":"2021-09-08T06:47:33","guid":{"rendered":"https:\/\/hudyka.pl\/wypozyczalnia\/?post_type=product&#038;p=5548"},"modified":"2025-03-27T10:46:49","modified_gmt":"2025-03-27T09:46:49","slug":"zamiatarka-spalinowa-pkm80","status":"publish","type":"product","link":"https:\/\/hudyka.pl\/wypozyczalnia\/oferta\/zamiatarka-spalinowa-pkm80\/","title":{"rendered":"Zamiatarka spalinowa PKM80"},"content":{"rendered":"<p><a href=\"https:\/\/hudyka.pl\/wypozyczalnia\/wp-content\/uploads\/2021\/09\/Instrukcja-obslugi-10.pdf\">Instrukcja obs\u0142ugi<\/a><\/p>\n<p>Zamiatarka do ca\u0142orocznego u\u017cytkowania, mo\u017cliwo\u015b\u0107 odchylania szczotki o 15\u00b0 w ka\u017cd\u0105 stron\u0119. Nadaj\u0105 si\u0119 do usuwania opad\u0142ych li\u015bci i \u015bwie\u017co napadanego \u015bniegu. Zamiatark\u0119 mo\u017cna wypo\u017cyczy\u0107 z pojemnikiem na nieczysto\u015bci lu bez.<\/p>\n","protected":false},"excerpt":{"rendered":"<p><strong>Dane techniczne:<\/strong><\/p>\n<ul>\n<li><b>silnik<\/b>: Loncin<\/li>\n<li><b>pojemno\u015b\u0107<\/b>: 196cm3<\/li>\n<li><strong>moc<\/strong>: 6,5KM<\/li>\n<li><b>szeroko\u015b\u0107 robocza<\/b>: 80cm<\/li>\n<li><b>rozrusznik<\/b>: r\u0119czny<\/li>\n<li><b>biegi<\/b>: 5 do przodu, 2 do ty\u0142u<\/li>\n<li><strong>odchylenie szczotki na boki<\/strong>: o 15 stopni<\/li>\n<li><b>Waga<\/b>: 72Kg<\/li>\n<\/ul>\n","protected":false},"featured_media":5549,"template":"","meta":[],"_links":{"self":[{"href":"https:\/\/hudyka.pl\/wypozyczalnia\/wp-json\/wp\/v2\/product\/5548"}],"collection":[{"href":"https:\/\/hudyka.pl\/wypozyczalnia\/wp-json\/wp\/v2\/product"}],"about":[{"href":"https:\/\/hudyka.pl\/wypozyczalnia\/wp-json\/wp\/v2\/types\/product"}],"wp:featuredmedia":[{"embeddable":true,"href":"https:\/\/hudyka.pl\/wypozyczalnia\/wp-json\/wp\/v2\/media\/5549"}],"wp:attachment":[{"href":"https:\/\/hudyka.pl\/wypozyczalnia\/wp-json\/wp\/v2\/media?parent=5548"}],"curies":[{"name":"wp","href":"https:\/\/api.w.org\/{rel}","templated":true}]}}