{"id":5559,"date":"2021-09-10T14:20:12","date_gmt":"2021-09-10T12:20:12","guid":{"rendered":"https:\/\/hudyka.pl\/wypozyczalnia\/?post_type=product&#038;p=5559"},"modified":"2022-03-16T16:42:58","modified_gmt":"2022-03-16T15:42:58","slug":"szlifierka-katowa-230mm-dewalt","status":"publish","type":"product","link":"https:\/\/hudyka.pl\/wypozyczalnia\/oferta\/szlifierka-katowa-230mm-dewalt\/","title":{"rendered":"Szlifierka k\u0105towa 230mm Dewalt"},"content":{"rendered":"<p><a href=\"https:\/\/hudyka.pl\/wypozyczalnia\/wp-content\/uploads\/2021\/09\/DWE4557_DWE4597_DWE4559_DWE4579_DWE4599_DWE4579R_T1_PL.pdf\">DWE4557_DWE4597_DWE4559_DWE4579_DWE4599_DWE4579R_T1_PL<\/a><\/p>\n","protected":false},"excerpt":{"rendered":"<p>Dane techniczne:<\/p>\n<ul>\n<li>Moc pobierana: 2600W.<\/li>\n<li>Pr\u0119dko\u015b\u0107 bez obci\u0105\u017cenia: 6500 obr\/min.<\/li>\n<li>System \u0142agodnego startu: TAK.<\/li>\n<li>Maksymalna \u015brednica tarczy: 230mm.<\/li>\n<li>Gwint wrzeciona: M14.<\/li>\n<li>Masa: 5.9kg.<\/li>\n<\/ul>\n","protected":false},"featured_media":5561,"template":"","meta":[],"_links":{"self":[{"href":"https:\/\/hudyka.pl\/wypozyczalnia\/wp-json\/wp\/v2\/product\/5559"}],"collection":[{"href":"https:\/\/hudyka.pl\/wypozyczalnia\/wp-json\/wp\/v2\/product"}],"about":[{"href":"https:\/\/hudyka.pl\/wypozyczalnia\/wp-json\/wp\/v2\/types\/product"}],"wp:featuredmedia":[{"embeddable":true,"href":"https:\/\/hudyka.pl\/wypozyczalnia\/wp-json\/wp\/v2\/media\/5561"}],"wp:attachment":[{"href":"https:\/\/hudyka.pl\/wypozyczalnia\/wp-json\/wp\/v2\/media?parent=5559"}],"curies":[{"name":"wp","href":"https:\/\/api.w.org\/{rel}","templated":true}]}}