{"id":5575,"date":"2021-09-10T14:43:53","date_gmt":"2021-09-10T12:43:53","guid":{"rendered":"https:\/\/hudyka.pl\/wypozyczalnia\/?post_type=product&#038;p=5575"},"modified":"2024-07-20T12:06:38","modified_gmt":"2024-07-20T10:06:38","slug":"5575","status":"publish","type":"product","link":"https:\/\/hudyka.pl\/wypozyczalnia\/oferta\/5575\/","title":{"rendered":"Odkurzacz pior\u0105cy PUZZI 10\/1"},"content":{"rendered":"<p><a href=\"https:\/\/hudyka.pl\/wypozyczalnia\/wp-content\/uploads\/2021\/09\/Instrukcja-obslugi-4.pdf\">Instrukcja obs\u0142ugi<\/a><\/p>\n<p>Urz\u0105dzenie dog\u0142\u0119bnie czy\u015bci runo wyk\u0142adziny usuwaj\u0105c nieprzyjemny zapach i przywracaj\u0105c jej \u015bwie\u017cy wygl\u0105d. W zale\u017cno\u015bci od stopnia zabrudzenia powierzchni mo\u017ce pracowa\u0107 w jednym lub w dw\u00f3ch przej\u015bciach roboczych. Pozostawia jedynie niewielk\u0105 wilgo\u0107 resztkow\u0105, dzi\u0119ki czemu powierzchni\u0119 mo\u017cna u\u017cytkowa\u0107 w kr\u00f3tkim czasie po przeprowadzeniu prac czyszcz\u0105cych. Nowy model <span class=\"fix-spelling\">Puzzi<\/span> zosta\u0142 wyposa\u017cony w nowe akcesoria, kt\u00f3re dodatkowo zwi\u0119kszaj\u0105 komfort pracy i wydajno\u015b\u0107 urz\u0105dze\u0144 &#8211; przyk\u0142adem jest elastyczna dysza pod\u0142ogowa wyposa\u017cona w listwy, kt\u00f3re idealnie dopasowuj\u0105 si\u0119 do powierzchni. Du\u017cy, wygodny w\u0142\u0105cznik zosta\u0142 przystosowany do obs\u0142ugi stop\u0105, dzi\u0119ki czemu operator nie musi si\u0119 schyla\u0107. Zbiornik na wod\u0119 brudn\u0105 mo\u017cna \u0142atwo wyj\u0105\u0107 w celu opr\u00f3\u017cnienia, a jego prze\u017aroczysta pokrywa pozwala na kontrolowanie poziomu wody. Dzi\u0119ki bogatemu wyposa\u017ceniu urz\u0105dzenie <span class=\"fix-spelling\">Puzzi<\/span> mo\u017cna stosowa\u0107 zar\u00f3wno do czyszczenia wyk\u0142adzin dywanowych jak i tapicerki samochodowej, meblowej oraz pod\u0142\u00f3g twardych. Trwa\u0142e szybkoz\u0142\u0105cze u\u0142atwia szybkie \u0142\u0105czenie w\u0119\u017ca z dysz\u0105.<\/p>\n","protected":false},"excerpt":{"rendered":"<div class=\"woocommerce-product-details__short-description\">\n<p>Dane techniczne:<\/p>\n<p>Wydajno\u015b\u0107 powierzchniowa (m2\/h): 20-25<\/p>\n<p>Wydatek powietrza (l\/s): 74<\/p>\n<p>Podci\u015bnienie (mbar\/kPa): 254\/25,4<\/p>\n<p>Wydajno\u015b\u0107 spryskiwania (l\/min): 1<\/p>\n<p>Ci\u015bnienie spryskiwania bar: 1<\/p>\n<p>Zbiornik wody: czystej \/ brudnej (l): 10\/9<\/p>\n<p>Moc turbiny: 1250W<\/p>\n<p>Moc pompy: 40W<\/p>\n<p>Napi\u0119cie: 220-240V<\/p>\n<\/div>\n","protected":false},"featured_media":5577,"template":"","meta":[],"_links":{"self":[{"href":"https:\/\/hudyka.pl\/wypozyczalnia\/wp-json\/wp\/v2\/product\/5575"}],"collection":[{"href":"https:\/\/hudyka.pl\/wypozyczalnia\/wp-json\/wp\/v2\/product"}],"about":[{"href":"https:\/\/hudyka.pl\/wypozyczalnia\/wp-json\/wp\/v2\/types\/product"}],"wp:featuredmedia":[{"embeddable":true,"href":"https:\/\/hudyka.pl\/wypozyczalnia\/wp-json\/wp\/v2\/media\/5577"}],"wp:attachment":[{"href":"https:\/\/hudyka.pl\/wypozyczalnia\/wp-json\/wp\/v2\/media?parent=5575"}],"curies":[{"name":"wp","href":"https:\/\/api.w.org\/{rel}","templated":true}]}}