{"id":5584,"date":"2021-09-10T15:30:28","date_gmt":"2021-09-10T13:30:28","guid":{"rendered":"https:\/\/hudyka.pl\/wypozyczalnia\/?post_type=product&#038;p=5584"},"modified":"2024-02-23T08:49:34","modified_gmt":"2024-02-23T07:49:34","slug":"zageszczarka-spalinowa-bs50-4as","status":"publish","type":"product","link":"https:\/\/hudyka.pl\/wypozyczalnia\/oferta\/zageszczarka-spalinowa-bs50-4as\/","title":{"rendered":"Zag\u0119szczarka spalinowa BS50-4As"},"content":{"rendered":"<p><a href=\"https:\/\/hudyka.pl\/wypozyczalnia\/wp-content\/uploads\/2021\/09\/bs50-4-instrukcja.pdf\">bs50-4 instrukcja<\/a><\/p>\n","protected":false},"excerpt":{"rendered":"<p><strong>Dane techniczne:<\/strong><\/p>\n<ul>\n<li><b>silnik<\/b>: Honda GXR120<\/li>\n<li><b>pojemno\u015b\u0107<\/b>: 120cm3<\/li>\n<li><strong>moc<\/strong>: 3,6KM<\/li>\n<li><b>pojemno\u015b\u0107 zbiornika paliwa<\/b>: 2,9l<\/li>\n<li><strong>zu\u017cycie paliwa<\/strong>: 1 l\/h<\/li>\n<li><strong>maksymalna wydajno\u015b\u0107 powierzchniowa<\/strong>: 119 m2\/h<\/li>\n<li><b>pr\u0119dko\u015b\u0107 robocza<\/b>: 7,1 m\/min (w zale\u017cno\u015bci od gruntu i od czynnik\u00f3w zewn\u0119trznych)<\/li>\n<li><strong>si\u0142a od\u015brodkowa<\/strong>: 16 kN<\/li>\n<li><strong>szeroko\u015b\u0107 p\u0142yty roboczej<\/strong>: 208mm<\/li>\n<li><strong>d\u0142ugo\u015b\u0107 p\u0142yty roboczej<\/strong>: 340mm<\/li>\n<li><b>Waga<\/b>: 65kg<\/li>\n<\/ul>\n","protected":false},"featured_media":5590,"template":"","meta":[],"_links":{"self":[{"href":"https:\/\/hudyka.pl\/wypozyczalnia\/wp-json\/wp\/v2\/product\/5584"}],"collection":[{"href":"https:\/\/hudyka.pl\/wypozyczalnia\/wp-json\/wp\/v2\/product"}],"about":[{"href":"https:\/\/hudyka.pl\/wypozyczalnia\/wp-json\/wp\/v2\/types\/product"}],"wp:featuredmedia":[{"embeddable":true,"href":"https:\/\/hudyka.pl\/wypozyczalnia\/wp-json\/wp\/v2\/media\/5590"}],"wp:attachment":[{"href":"https:\/\/hudyka.pl\/wypozyczalnia\/wp-json\/wp\/v2\/media?parent=5584"}],"curies":[{"name":"wp","href":"https:\/\/api.w.org\/{rel}","templated":true}]}}