{"id":5628,"date":"2021-09-11T10:48:23","date_gmt":"2021-09-11T08:48:23","guid":{"rendered":"https:\/\/hudyka.pl\/wypozyczalnia\/?post_type=product&#038;p=5628"},"modified":"2025-03-27T10:43:35","modified_gmt":"2025-03-27T09:43:35","slug":"kosiarka-spalinowa-toro","status":"publish","type":"product","link":"https:\/\/hudyka.pl\/wypozyczalnia\/oferta\/kosiarka-spalinowa-toro\/","title":{"rendered":"Kosiarka spalinowa Toro"},"content":{"rendered":"<p><a href=\"https:\/\/hudyka.pl\/wypozyczalnia\/wp-content\/uploads\/2021\/09\/Instrukcja-obslugi-8.pdf\">Instrukcja obs\u0142ugi<\/a><\/p>\n<p>&nbsp;<\/p>\n<p>&nbsp;<\/p>\n<p>&nbsp;<\/p>\n","protected":false},"excerpt":{"rendered":"<ul>\n<li>Dane techniczne:<\/li>\n<li>Silnik:\u00a0 Briggs&amp;Stratton Series 550<\/li>\n<li>Typ silnika: 4-suwowy OHV<\/li>\n<li>Pojemno\u015b\u0107 silnika: 140cm3<\/li>\n<li>Szeroko\u015b\u0107 ci\u0119cia: 50cm<\/li>\n<li>Regulacja ci\u0119cia : 4 d\u017awignie<\/li>\n<li>Wysoko\u015b\u0107 ci\u0119cia: 21 &#8211; 102mm<\/li>\n<li>Nap\u0119d\u00a0 p\u0142ynna regulacja pr\u0119dko\u015bci ADS ( a\u017c do 6,4 km\/h)<\/li>\n<li>Pojemno\u015b\u0107 kosza: 60l<\/li>\n<li>Korpus stalowy<\/li>\n<li>Funkcja mulczowania<\/li>\n<li>Waga: 33kg<\/li>\n<\/ul>\n","protected":false},"featured_media":5633,"template":"","meta":[],"_links":{"self":[{"href":"https:\/\/hudyka.pl\/wypozyczalnia\/wp-json\/wp\/v2\/product\/5628"}],"collection":[{"href":"https:\/\/hudyka.pl\/wypozyczalnia\/wp-json\/wp\/v2\/product"}],"about":[{"href":"https:\/\/hudyka.pl\/wypozyczalnia\/wp-json\/wp\/v2\/types\/product"}],"wp:featuredmedia":[{"embeddable":true,"href":"https:\/\/hudyka.pl\/wypozyczalnia\/wp-json\/wp\/v2\/media\/5633"}],"wp:attachment":[{"href":"https:\/\/hudyka.pl\/wypozyczalnia\/wp-json\/wp\/v2\/media?parent=5628"}],"curies":[{"name":"wp","href":"https:\/\/api.w.org\/{rel}","templated":true}]}}