{"id":5635,"date":"2021-09-11T11:14:14","date_gmt":"2021-09-11T09:14:14","guid":{"rendered":"https:\/\/hudyka.pl\/wypozyczalnia\/?post_type=product&#038;p=5635"},"modified":"2024-02-23T08:43:20","modified_gmt":"2024-02-23T07:43:20","slug":"nagrzewnica-olejowa-master","status":"publish","type":"product","link":"https:\/\/hudyka.pl\/wypozyczalnia\/oferta\/nagrzewnica-olejowa-master\/","title":{"rendered":"Nagrzewnica olejowa Master"},"content":{"rendered":"<p><a href=\"https:\/\/hudyka.pl\/wypozyczalnia\/wp-content\/uploads\/2021\/09\/instrukcja_ced_ceg_www.master.sklep_.pl_.pdf\">instrukcja_ced_ceg_www.master.sklep.pl<\/a><\/p>\n<p>&nbsp;<\/p>\n<p>&nbsp;<\/p>\n<p>&nbsp;<\/p>\n<div>\n<p>Nagrzewnica olejowa Master B 150 CED bez odprowadzenia spalin to wysoce wydajne urz\u0105dzenie zapewniaj\u0105ce sta\u0142y dop\u0142yw du\u017cych ilo\u015bci ogrzanego powietrza tam gdzie jest ono po\u017c\u0105dane. Doskonale nadaj\u0105 si\u0119 do otwartych lub dobrze wentylowanych powierzchni takich jak fabryki, magazyny lub na terenie bud\u00f3w. Zimne powietrze jest zasysane do urz\u0105dzenia przez wentylator i kierowane w stron\u0119 wylotu nagrzewnicy. Paliwo jest pobierane ze zbiornika, a nast\u0119pnie wtryskiwane przez dysz\u0119 do komory spalania powsta\u0142e w wyniku tego procesu ciep\u0142o ogrzewa strumie\u0144 powietrza okalaj\u0105cy i przechodz\u0105cy przez komor\u0119 spalania. Wynik spalania czyli spaliny t\u0142oczony jest z ciep\u0142ym powietrzem.<\/p>\n<\/div>\n","protected":false},"excerpt":{"rendered":"<p>Dane techniczne:<\/p>\n<p>Moc grzewcza: 44kW<\/p>\n<p>Przep\u0142yw powietrza: 900m3\/h<\/p>\n<p>Zu\u017cycie paliwa: 4,2l\/h<\/p>\n<p>Pojemno\u015b\u0107 zbiornika: 44l<\/p>\n<p>Minimalny czas pracy na pe\u0142nym zbiorniku: 10h<\/p>\n<p>Napi\u0119cie: 230V<\/p>\n<p>Rodzaj paliwa: olej opa\u0142owy \/ nap\u0119dowy<\/p>\n<p>Zap\u0142on: elektroda<\/p>\n<p>Wyposa\u017cenie: k\u00f3\u0142ka, uchwyt do przenoszenia zbiornik paliwa<\/p>\n<p>Termostat bezpiecze\u0144stwa<\/p>\n<p>&nbsp;<\/p>\n","protected":false},"featured_media":5640,"template":"","meta":[],"_links":{"self":[{"href":"https:\/\/hudyka.pl\/wypozyczalnia\/wp-json\/wp\/v2\/product\/5635"}],"collection":[{"href":"https:\/\/hudyka.pl\/wypozyczalnia\/wp-json\/wp\/v2\/product"}],"about":[{"href":"https:\/\/hudyka.pl\/wypozyczalnia\/wp-json\/wp\/v2\/types\/product"}],"wp:featuredmedia":[{"embeddable":true,"href":"https:\/\/hudyka.pl\/wypozyczalnia\/wp-json\/wp\/v2\/media\/5640"}],"wp:attachment":[{"href":"https:\/\/hudyka.pl\/wypozyczalnia\/wp-json\/wp\/v2\/media?parent=5635"}],"curies":[{"name":"wp","href":"https:\/\/api.w.org\/{rel}","templated":true}]}}