{"id":5641,"date":"2021-09-11T11:37:29","date_gmt":"2021-09-11T09:37:29","guid":{"rendered":"https:\/\/hudyka.pl\/wypozyczalnia\/?post_type=product&#038;p=5641"},"modified":"2024-02-23T08:34:05","modified_gmt":"2024-02-23T07:34:05","slug":"osuszacz-powietrza-master","status":"publish","type":"product","link":"https:\/\/hudyka.pl\/wypozyczalnia\/oferta\/osuszacz-powietrza-master\/","title":{"rendered":"Osuszacz powietrza Master"},"content":{"rendered":"<p><a href=\"https:\/\/hudyka.pl\/wypozyczalnia\/wp-content\/uploads\/2021\/09\/dhp.pdf\">instrukcjaobs\u0142ugi<\/a><\/p>\n<p>&nbsp;<\/p>\n<p>&nbsp;<\/p>\n<p>&nbsp;<\/p>\n<p>&nbsp;<\/p>\n","protected":false},"excerpt":{"rendered":"<p>Dane techniczne:<\/p>\n<p>Wydajno\u015b\u0107: 56l\/24h<\/p>\n<p>Zalecany do kabatury: 840m3<\/p>\n<p>Przep\u0142yw powietrza: 550m3\/h<\/p>\n<p>Pob\u00f3r mocy: 0,78kW<\/p>\n<p>Zakres temperatury pracy: 3-32\/3-45\u00baC<\/p>\n<p>Pojemno\u015b\u0107 zbiornika: 10,5l<\/p>\n<p>Napi\u0119cie: 230V<\/p>\n<p>Funkcje: sta\u0142e odprowadzenie wody<\/p>\n<p>Wyposa\u017cenie: k\u00f3\u0142ka, wskazania diodowe, licznik czasu pracy<\/p>\n<p>Waga: 45kg<\/p>\n","protected":false},"featured_media":5648,"template":"","meta":[],"_links":{"self":[{"href":"https:\/\/hudyka.pl\/wypozyczalnia\/wp-json\/wp\/v2\/product\/5641"}],"collection":[{"href":"https:\/\/hudyka.pl\/wypozyczalnia\/wp-json\/wp\/v2\/product"}],"about":[{"href":"https:\/\/hudyka.pl\/wypozyczalnia\/wp-json\/wp\/v2\/types\/product"}],"wp:featuredmedia":[{"embeddable":true,"href":"https:\/\/hudyka.pl\/wypozyczalnia\/wp-json\/wp\/v2\/media\/5648"}],"wp:attachment":[{"href":"https:\/\/hudyka.pl\/wypozyczalnia\/wp-json\/wp\/v2\/media?parent=5641"}],"curies":[{"name":"wp","href":"https:\/\/api.w.org\/{rel}","templated":true}]}}