{"id":5657,"date":"2021-09-14T13:45:22","date_gmt":"2021-09-14T11:45:22","guid":{"rendered":"https:\/\/hudyka.pl\/wypozyczalnia\/?post_type=product&#038;p=5657"},"modified":"2024-03-19T10:15:40","modified_gmt":"2024-03-19T09:15:40","slug":"glebogryzarka-spalinowa-mh198rks","status":"publish","type":"product","link":"https:\/\/hudyka.pl\/wypozyczalnia\/oferta\/glebogryzarka-spalinowa-mh198rks\/","title":{"rendered":"Glebogryzarka spalinowa MH198RKS"},"content":{"rendered":"<p><a href=\"https:\/\/hudyka.pl\/wypozyczalnia\/wp-content\/uploads\/2021\/09\/Instrukcja-MH198RK.pdf\">Instrukcja MH198RK<\/a><\/p>\n<p>Glebogryzark\u0119 mo\u017cna r\u00f3wnie\u017c wypo\u017cyczy\u0107 z p\u0142ugiem na ko\u0142ach metalowych lub pneumatycznych.<\/p>\n<p>&nbsp;<\/p>\n<p>&nbsp;<\/p>\n<p>&nbsp;<\/p>\n<p>&nbsp;<\/p>\n","protected":false},"excerpt":{"rendered":"<p><strong>Dane techniczne:<\/strong><\/p>\n<ul>\n<li><b>silnik<\/b>: Emak<\/li>\n<li><b>pojemno\u015b\u0107<\/b>: 182cm3<\/li>\n<li><strong>moc<\/strong>: 6KM<\/li>\n<li><b>szeroko\u015b\u0107 robocza<\/b>: 35-39-60-85cm<\/li>\n<li><b>kierownica: <\/b>regulacja w pionie i poziomie, mo\u017cliwo\u015b\u0107 pracy pod k\u0105tem do osi urz\u0105dzenia<\/li>\n<li><b>biegi<\/b>: 2 do przodu, 1 do ty\u0142u<\/li>\n<li><strong>pr\u0119dko\u015b\u0107: 1 <\/strong>bieg 4,7, 2 bieg 6,5, bieg wsteczny 3,5<\/li>\n<li><strong>Pr\u0119dko\u015b\u0107 obrotowa wirnika rpm<\/strong>: 1 bieg- 83; 2-bieg 114; bieg wsteczny 62<\/li>\n<li><b>Waga<\/b>: 72kg<\/li>\n<\/ul>\n","protected":false},"featured_media":5659,"template":"","meta":[],"_links":{"self":[{"href":"https:\/\/hudyka.pl\/wypozyczalnia\/wp-json\/wp\/v2\/product\/5657"}],"collection":[{"href":"https:\/\/hudyka.pl\/wypozyczalnia\/wp-json\/wp\/v2\/product"}],"about":[{"href":"https:\/\/hudyka.pl\/wypozyczalnia\/wp-json\/wp\/v2\/types\/product"}],"wp:featuredmedia":[{"embeddable":true,"href":"https:\/\/hudyka.pl\/wypozyczalnia\/wp-json\/wp\/v2\/media\/5659"}],"wp:attachment":[{"href":"https:\/\/hudyka.pl\/wypozyczalnia\/wp-json\/wp\/v2\/media?parent=5657"}],"curies":[{"name":"wp","href":"https:\/\/api.w.org\/{rel}","templated":true}]}}