{"id":5680,"date":"2021-09-14T16:00:31","date_gmt":"2021-09-14T14:00:31","guid":{"rendered":"https:\/\/hudyka.pl\/wypozyczalnia\/?post_type=product&#038;p=5680"},"modified":"2025-03-27T10:48:50","modified_gmt":"2025-03-27T09:48:50","slug":"mlot-wyburzeniowy-d25960","status":"publish","type":"product","link":"https:\/\/hudyka.pl\/wypozyczalnia\/oferta\/mlot-wyburzeniowy-d25960\/","title":{"rendered":"M\u0142ot wyburzeniowy D25960"},"content":{"rendered":"<p><a href=\"https:\/\/hudyka.pl\/wypozyczalnia\/wp-content\/uploads\/2021\/09\/D25960_D25961_T1_PL_A5_090516.pdf\">D25960instrukcjaobslugi<\/a><\/p>\n<p>Najwy\u017csza wydajno\u015b\u0107 dzi\u0119ki odpowiedniemu zr\u00f3wnowa\u017ceniu mocy, energii i cz\u0119stotliwo\u015bci udaru. Najni\u017cszy poziom wibracji w klasie 16 kg oznacza wi\u0119kszy komfort pracy u\u017cytkownik\u00f3w i d\u0142u\u017cszy dopuszczalny czas pracy w ci\u0105gu dnia. O 50% d\u0142u\u017csza \u017cywotno\u015b\u0107 w stosunku do innych m\u0142ot\u00f3w w danej klasie zmniejsza koszty eksploatacyjne i ogranicza przestoje serwisowe. Solidna i sprawdzona konstrukcja wyd\u0142u\u017ca \u017cywotno\u015b\u0107 . \u0141agodny rozruch pozwala na precyzyjne rozpocz\u0119cie kucia bez &#8222;w\u0119drowania&#8221; d\u0142uta.<\/p>\n<ul class=\"content_list\">\n<li>W zestawie: m\u0142ot, kufer, d\u0142uto szpicak i p\u0142askie.<\/li>\n<\/ul>\n","protected":false},"excerpt":{"rendered":"<p>Dane techniczne:<\/p>\n<p>Moc pobierana: 1600W<\/p>\n<p>Moc u\u017cyteczna: 1000W<\/p>\n<p>Cz\u0119sto\u015b\u0107 udar\u00f3w: 1450 ud\/min<\/p>\n<p>Energia udaru: 35J<\/p>\n<p>Waga: 18,4kg<\/p>\n","protected":false},"featured_media":5684,"template":"","meta":[],"_links":{"self":[{"href":"https:\/\/hudyka.pl\/wypozyczalnia\/wp-json\/wp\/v2\/product\/5680"}],"collection":[{"href":"https:\/\/hudyka.pl\/wypozyczalnia\/wp-json\/wp\/v2\/product"}],"about":[{"href":"https:\/\/hudyka.pl\/wypozyczalnia\/wp-json\/wp\/v2\/types\/product"}],"wp:featuredmedia":[{"embeddable":true,"href":"https:\/\/hudyka.pl\/wypozyczalnia\/wp-json\/wp\/v2\/media\/5684"}],"wp:attachment":[{"href":"https:\/\/hudyka.pl\/wypozyczalnia\/wp-json\/wp\/v2\/media?parent=5680"}],"curies":[{"name":"wp","href":"https:\/\/api.w.org\/{rel}","templated":true}]}}