{"id":5700,"date":"2021-10-16T11:25:47","date_gmt":"2021-10-16T09:25:47","guid":{"rendered":"https:\/\/hudyka.pl\/wypozyczalnia\/?post_type=product&#038;p=5700"},"modified":"2024-03-19T10:14:41","modified_gmt":"2024-03-19T09:14:41","slug":"dmuchawo-odkurzacz-bv250","status":"publish","type":"product","link":"https:\/\/hudyka.pl\/wypozyczalnia\/oferta\/dmuchawo-odkurzacz-bv250\/","title":{"rendered":"Dmuchawo &#8211; odkurzacz BV250"},"content":{"rendered":"<p><a href=\"https:\/\/hudyka.pl\/wypozyczalnia\/wp-content\/uploads\/2021\/10\/Instrukcja-obslugi.pdf\">Instrukcja obs\u0142ugi<\/a><\/p>\n<p>Wydajna i ergonomiczna dmuchawa r\u0119czna \u2013 doskonale nadaje si\u0119 do oczyszczania ogrodu z li\u015bci i innych niewielkich odpad\u00f3w lub \u015bci\u0119tych ro\u015blin. Dmuchaw\u0119 mo\u017cna przystosowa\u0107 do zbierania zanieczyszcze\u0144 przy pomocy zestawu rur oraz zbiornika. Charakteryzuje si\u0119 niskim poziomem drga\u0144 gwarantuj\u0105cym komfort u\u017cytkowania i cich\u0105 prac\u0119 co umo\u017cliwia swobodne u\u017cytkowanie w pobli\u017cu innych budynk\u00f3w mieszkalnych. Ekologiczny silnik\u00a0 dzi\u0119ki niskiej emisji ha\u0142asu idealnie nadaje si\u0119 do prac w g\u0119stej zabudowie mieszkalnej. Model wyr\u00f3\u017cnia si\u0119 doskona\u0142ym balansem oraz jedn\u0105 z najni\u017cszych wag tej klasie dmuchaw. System antywibracyjny sk\u0142ada si\u0119 z 3 stalowych spr\u0119\u017cyn ca\u0142kowicie izoluj\u0105cych operatora od drga\u0144 generowanych przez maszyn\u0119. Gumowa nak\u0142adka zapewnia pewny i wygodny chwyt izoluj\u0105c jednocze\u015bnie d\u0142onie operatora od drga\u0144 przenoszonych na uchwyty.<\/p>\n","protected":false},"excerpt":{"rendered":"<div class=\"std\">\n<p><span style=\"font-family: Times New Roman, serif\">Dane techniczne: <\/span><span style=\"font-family: Times New Roman, serif\"><br \/>\n<\/span><\/p>\n<p>Pojemno\u015b\u0107 silnika: 25cm\u00b3<\/p>\n<p>Moc silnika: 1,3KM<\/p>\n<p>Maksymalna wydajno\u015b\u0107 powietrza: 12 m<sup>3<\/sup>\/min &#8211; 720 m<sup>3<\/sup>\/h<\/p>\n<p>Pr\u0119dko\u015b\u0107 powietrza: 70m\/s<\/p>\n<p>Funkcje: worek do odkurzania, dmuchawa<\/p>\n<p>&nbsp;<\/p>\n<\/div>\n","protected":false},"featured_media":5709,"template":"","meta":[],"_links":{"self":[{"href":"https:\/\/hudyka.pl\/wypozyczalnia\/wp-json\/wp\/v2\/product\/5700"}],"collection":[{"href":"https:\/\/hudyka.pl\/wypozyczalnia\/wp-json\/wp\/v2\/product"}],"about":[{"href":"https:\/\/hudyka.pl\/wypozyczalnia\/wp-json\/wp\/v2\/types\/product"}],"wp:featuredmedia":[{"embeddable":true,"href":"https:\/\/hudyka.pl\/wypozyczalnia\/wp-json\/wp\/v2\/media\/5709"}],"wp:attachment":[{"href":"https:\/\/hudyka.pl\/wypozyczalnia\/wp-json\/wp\/v2\/media?parent=5700"}],"curies":[{"name":"wp","href":"https:\/\/api.w.org\/{rel}","templated":true}]}}