{"id":5782,"date":"2021-10-27T11:25:46","date_gmt":"2021-10-27T09:25:46","guid":{"rendered":"https:\/\/hudyka.pl\/wypozyczalnia\/?post_type=product&#038;p=5782"},"modified":"2024-03-19T10:14:19","modified_gmt":"2024-03-19T09:14:19","slug":"przyczepa-majster-7525t","status":"publish","type":"product","link":"https:\/\/hudyka.pl\/wypozyczalnia\/oferta\/przyczepa-majster-7525t\/","title":{"rendered":"Przyczepa Majster 7525T"},"content":{"rendered":"<p>Wyposa\u017cenie standardowe:<\/p>\n<ul>\n<li>zaczep kulowy 750 kg<\/li>\n<li>mocna rama spawana &#8211; cynkowana ogniowo<\/li>\n<li>dyszel typu V<\/li>\n<li>pod\u0142oga ze sklejki wodoodpornej antypo\u015blizgowej<\/li>\n<li>burty -otwierana tylna i przednia burta<\/li>\n<li>reling nad burtami<\/li>\n<li>2x o\u015b niehamowana 750 kg<\/li>\n<li>b\u0142otniki metalowe<\/li>\n<li>instalacja o\u015bwietleniowa zgodna z przepisami o ruchu drogowym<\/li>\n<\/ul>\n","protected":false},"excerpt":{"rendered":"<div class=\"woocommerce-product-details__short-description\">\n<p>Waga: 250kg<\/p>\n<p>D\u0142ugo\u015b\u0107 skrzyni wewn\u0119trzna: 250cm<\/p>\n<p>Szeroko\u015b\u0107 skrzyni wewn\u0119trzna: 125cm<\/p>\n<p>Dopuszczalna masa ca\u0142kowita: 750kg<\/p>\n<p>Sta\u0142y dyszel<\/p>\n<p>Ko\u0142a: 13 cali<\/p>\n<p>Liczba osi: dwuosiowa<\/p>\n<\/div>\n","protected":false},"featured_media":5783,"template":"","meta":[],"_links":{"self":[{"href":"https:\/\/hudyka.pl\/wypozyczalnia\/wp-json\/wp\/v2\/product\/5782"}],"collection":[{"href":"https:\/\/hudyka.pl\/wypozyczalnia\/wp-json\/wp\/v2\/product"}],"about":[{"href":"https:\/\/hudyka.pl\/wypozyczalnia\/wp-json\/wp\/v2\/types\/product"}],"wp:featuredmedia":[{"embeddable":true,"href":"https:\/\/hudyka.pl\/wypozyczalnia\/wp-json\/wp\/v2\/media\/5783"}],"wp:attachment":[{"href":"https:\/\/hudyka.pl\/wypozyczalnia\/wp-json\/wp\/v2\/media?parent=5782"}],"curies":[{"name":"wp","href":"https:\/\/api.w.org\/{rel}","templated":true}]}}