{"id":5785,"date":"2021-10-27T11:45:56","date_gmt":"2021-10-27T09:45:56","guid":{"rendered":"https:\/\/hudyka.pl\/wypozyczalnia\/?post_type=product&#038;p=5785"},"modified":"2023-12-28T16:31:09","modified_gmt":"2023-12-28T15:31:09","slug":"mlot-udarowy-graphite","status":"publish","type":"product","link":"https:\/\/hudyka.pl\/wypozyczalnia\/oferta\/mlot-udarowy-graphite\/","title":{"rendered":"M\u0142ot udarowy SDS+ Graphite"},"content":{"rendered":"<p><a href=\"https:\/\/hudyka.pl\/wypozyczalnia\/wp-content\/uploads\/2021\/10\/58G862.pdf-58G862.pdf\">instrukcja 58G862<\/a><\/p>\n<p>Posiada mo\u017cliwo\u015b\u0107 wiercenia, udar pneumatyczny oraz funkcj\u0119 podkuwania przydatn\u0105 podczas skuwania powierzchni otynkowanych b\u0105d\u017a p\u0142ytek ceramicznych.<\/p>\n<p>W zestawie: m\u0142ot, kufer, d\u0142uto szpicak i p\u0142askie.<\/p>\n<p>&nbsp;<\/p>\n","protected":false},"excerpt":{"rendered":"<p>Dane techniczne:<\/p>\n<ul>\n<li>moc: 1500W<\/li>\n<li>max. obroty: 0-750\/min, udar 0-3200\/min<\/li>\n<li>energia udaru: 4.5 J<\/li>\n<li>typ uchwytu wiertarskiego: SDS+<\/li>\n<li>max. \u015brednica wiercenia w betonie: 36mm<\/li>\n<li>d\u0142ugi przew\u00f3d zasilaj\u0105cy: 3m<\/li>\n<li>waga: 6kg<\/li>\n<\/ul>\n","protected":false},"featured_media":5786,"template":"","meta":[],"_links":{"self":[{"href":"https:\/\/hudyka.pl\/wypozyczalnia\/wp-json\/wp\/v2\/product\/5785"}],"collection":[{"href":"https:\/\/hudyka.pl\/wypozyczalnia\/wp-json\/wp\/v2\/product"}],"about":[{"href":"https:\/\/hudyka.pl\/wypozyczalnia\/wp-json\/wp\/v2\/types\/product"}],"wp:featuredmedia":[{"embeddable":true,"href":"https:\/\/hudyka.pl\/wypozyczalnia\/wp-json\/wp\/v2\/media\/5786"}],"wp:attachment":[{"href":"https:\/\/hudyka.pl\/wypozyczalnia\/wp-json\/wp\/v2\/media?parent=5785"}],"curies":[{"name":"wp","href":"https:\/\/api.w.org\/{rel}","templated":true}]}}