{"id":5808,"date":"2021-10-27T14:41:15","date_gmt":"2021-10-27T12:41:15","guid":{"rendered":"https:\/\/hudyka.pl\/wypozyczalnia\/?post_type=product&#038;p=5808"},"modified":"2024-02-23T08:40:09","modified_gmt":"2024-02-23T07:40:09","slug":"generator-pradotworczy-fh6001r","status":"publish","type":"product","link":"https:\/\/hudyka.pl\/wypozyczalnia\/oferta\/generator-pradotworczy-fh6001r\/","title":{"rendered":"Generator pr\u0105dotw\u00f3rczy FH6000R"},"content":{"rendered":"<p><a href=\"https:\/\/hudyka.pl\/wypozyczalnia\/wp-content\/uploads\/2021\/10\/Instrukcja-obslugi-3.pdf\">Instrukcja obs\u0142ugi<\/a><\/p>\n<p>Generator pr\u0105dotw\u00f3rczy przeznaczony do zasilania urz\u0105dze\u0144 wymagaj\u0105cych ustabilizowanych parametr\u00f3w pr\u0105du. Znajduj\u0105 zastosowanie przy zasilaniu zgrzewarek, spawarek ,sprz\u0119tu RTV. Dzi\u0119ki uk\u0142adowi AVR doskonale nadaje si\u0119 do zasilania urz\u0105dze\u0144 elektronicznych lub innych wymagaj\u0105cych stabilnych parametr\u00f3w pr\u0105du.<\/p>\n<p>Generator wyposa\u017cony jest w k\u00f3\u0142ka transportowe.<\/p>\n","protected":false},"excerpt":{"rendered":"<p>Dane techniczne:<\/p>\n<p>napi\u0119cie: 230V \/ 400V<\/p>\n<p>moc maksymalna: 5,5kVa<\/p>\n<p>moc znamionowa tr\u00f3jfazowa: 5kW<\/p>\n<p>moc znamionowa jednofazowa: 2,7kW<\/p>\n<p>pr\u0105d znamionowy tr\u00f3jfazowy: 7,2A<\/p>\n<p>pr\u0105d znamionowy jednofazowy: 11,7A<\/p>\n<p>rozruch: manualny<\/p>\n<p>zbiornik: 5,3l<\/p>\n<p>paliwo: beznzyna<\/p>\n<p>spalanie (moc 75%): 2,2 l\/h<\/p>\n<p>ha\u0142as: 96 db(A)<\/p>\n","protected":false},"featured_media":5815,"template":"","meta":[],"_links":{"self":[{"href":"https:\/\/hudyka.pl\/wypozyczalnia\/wp-json\/wp\/v2\/product\/5808"}],"collection":[{"href":"https:\/\/hudyka.pl\/wypozyczalnia\/wp-json\/wp\/v2\/product"}],"about":[{"href":"https:\/\/hudyka.pl\/wypozyczalnia\/wp-json\/wp\/v2\/types\/product"}],"wp:featuredmedia":[{"embeddable":true,"href":"https:\/\/hudyka.pl\/wypozyczalnia\/wp-json\/wp\/v2\/media\/5815"}],"wp:attachment":[{"href":"https:\/\/hudyka.pl\/wypozyczalnia\/wp-json\/wp\/v2\/media?parent=5808"}],"curies":[{"name":"wp","href":"https:\/\/api.w.org\/{rel}","templated":true}]}}