{"id":5876,"date":"2024-02-15T16:26:37","date_gmt":"2024-02-15T15:26:37","guid":{"rendered":"https:\/\/hudyka.pl\/wypozyczalnia\/?post_type=product&#038;p=5876"},"modified":"2025-03-27T10:41:07","modified_gmt":"2025-03-27T09:41:07","slug":"okrzesywarka-spalinowa","status":"publish","type":"product","link":"https:\/\/hudyka.pl\/wypozyczalnia\/oferta\/okrzesywarka-spalinowa\/","title":{"rendered":"Okrzesywarka spalinowa"},"content":{"rendered":"<div class=\"product-description\">\n<div class=\"description-cnt\">\n<p><strong>Przeznaczona do wszystkich rodzaj\u00f3w ci\u0119cia i okrzesywania na wysoko\u015bci bez konieczno\u015bci stosowania drabin lub \u015brodk\u00f3w mechanicznych, a tak\u017ce do pracy na nier\u00f3wnym pod\u0142o\u017cu lub na stokach.<\/strong><\/p>\n<ul>\n<li>Dzi\u0119ki teleskopowemu wysi\u0119gnikowi regulowanemu bez konieczno\u015bci u\u017cycia specjalnych narz\u0119dzi, mo\u017cna uzyska\u0107 zasi\u0119g do\u00a0oko\u0142o 5\u00a0metr\u00f3w.<\/li>\n<li>W konsekwencji mo\u017cna uzyska\u0107 dost\u0119p do ga\u0142\u0119zi znajduj\u0105cych si\u0119 nawet w najwy\u017cszych partiach korony drzewa, bez u\u017cycia drabiny.<\/li>\n<li>G\u0142owic\u0119 okrzesywarki mo\u017cna regulowa\u0107 w zakresie 5 pozycji po\u015brednich mi\u0119dzy 0\u00b0 do 90\u00b0.<\/li>\n<li>Urz\u0105dzenie to, jako jedyne na rynku, zapewnia doskona\u0142e osi\u0105gi w ka\u017cdej pozycji roboczej i umo\u017cliwia optymaln\u0105 widoczno\u015b\u0107 strefy ci\u0119cia.<\/li>\n<li>Obudowa mocuj\u0105ca z aluminium gwarantuje maksymaln\u0105 odporno\u015b\u0107 na napr\u0119\u017cenia.<\/li>\n<li>Profesjonalna pompa olejowa zapewnia sta\u0142e smarowanie prowadnicy i \u0142a\u0144cucha.<\/li>\n<\/ul>\n<\/div>\n<\/div>\n<div class=\"product-description\">\n<div class=\"description-cnt\">\n<p><strong>Przeznaczona do wszystkich rodzaj\u00f3w ci\u0119cia i okrzesywania na wysoko\u015bci bez konieczno\u015bci stosowania drabin lub \u015brodk\u00f3w mechanicznych, a tak\u017ce do pracy na nier\u00f3wnym pod\u0142o\u017cu lub na stokach.<\/strong><\/p>\n<ul>\n<li>Dzi\u0119ki teleskopowemu wysi\u0119gnikowi regulowanemu bez konieczno\u015bci u\u017cycia specjalnych narz\u0119dzi mo\u017cna uzyska\u0107 zasi\u0119g do oko\u0142o 5 metr\u00f3w.<\/li>\n<li>W konsekwencji mo\u017cna uzyska\u0107 dost\u0119p do ga\u0142\u0119zi znajduj\u0105cych si\u0119 nawet w najwy\u017cszych partiach korony drzewa bez u\u017cycia drabiny.<\/li>\n<li>G\u0142owic\u0119 okrzesywarki mo\u017cna regulowa\u0107 w zakresie 5 pozycji po\u015brednich mi\u0119dzy 0\u00b0 do 90\u00b0.<\/li>\n<li>Urz\u0105dzenie to jako jedyne na rynku zapewnia doskona\u0142e osi\u0105gi w ka\u017cdej pozycji roboczej i umo\u017cliwia optymaln\u0105 widoczno\u015b\u0107 strefy ci\u0119cia.<\/li>\n<li>Obudowa mocuj\u0105ca z aluminium gwarantuje maksymaln\u0105 odporno\u015b\u0107 na napr\u0119\u017cenia.<\/li>\n<li>Profesjonalna pompa olejowa zapewnia sta\u0142e smarowanie prowadnicy i \u0142a\u0144cucha.<\/li>\n<\/ul>\n<\/div>\n<\/div>\n","protected":false},"excerpt":{"rendered":"<div class=\"std\">\n<p><span style=\"font-family: Times New Roman, serif\">Dane techniczne: <\/span><span style=\"font-family: Times New Roman, serif\"><br \/>\n<\/span><\/p>\n<p>Model: PPX 271<\/p>\n<p>Pojemno\u015b\u0107 silnika: 27cm\u00b3<\/p>\n<p>Moc silnika: 1,3KM<\/p>\n<p>D\u0142ugo\u015b\u0107 prowadnicy: 25cm<\/p>\n<p>D\u0142ugo\u015b\u0107 urz\u0105dzenia: 2,6m \/ 3,8m teleskop<\/p>\n<p>Waga: 7,4kg<\/p>\n<p>&nbsp;<\/p>\n<\/div>\n","protected":false},"featured_media":5878,"template":"","meta":[],"_links":{"self":[{"href":"https:\/\/hudyka.pl\/wypozyczalnia\/wp-json\/wp\/v2\/product\/5876"}],"collection":[{"href":"https:\/\/hudyka.pl\/wypozyczalnia\/wp-json\/wp\/v2\/product"}],"about":[{"href":"https:\/\/hudyka.pl\/wypozyczalnia\/wp-json\/wp\/v2\/types\/product"}],"wp:featuredmedia":[{"embeddable":true,"href":"https:\/\/hudyka.pl\/wypozyczalnia\/wp-json\/wp\/v2\/media\/5878"}],"wp:attachment":[{"href":"https:\/\/hudyka.pl\/wypozyczalnia\/wp-json\/wp\/v2\/media?parent=5876"}],"curies":[{"name":"wp","href":"https:\/\/api.w.org\/{rel}","templated":true}]}}