{"id":5896,"date":"2024-10-17T13:39:04","date_gmt":"2024-10-17T11:39:04","guid":{"rendered":"https:\/\/hudyka.pl\/wypozyczalnia\/?post_type=product&#038;p=5896"},"modified":"2024-10-17T13:39:04","modified_gmt":"2024-10-17T11:39:04","slug":"pilarka-spalinowa-oleo-mac","status":"publish","type":"product","link":"https:\/\/hudyka.pl\/wypozyczalnia\/oferta\/pilarka-spalinowa-oleo-mac\/","title":{"rendered":"Pilarka spalinowa Oleo-Mac"},"content":{"rendered":"<p>&nbsp;<\/p>\n<table class=\"data-sheet\" style=\"height: 266px\" width=\"126\">\n<tbody>\n<tr>\n<th>Moc u\u017cyteczna<\/th>\n<td>2,6KM<\/td>\n<\/tr>\n<tr>\n<th>Pojemno\u015b\u0107 silnika<\/th>\n<td>39cm3<\/td>\n<\/tr>\n<tr>\n<th>Pojemno\u015b\u0107 zbiornika paliwa<\/th>\n<td>0,32l<\/td>\n<\/tr>\n<tr>\n<th>Pojemno\u015b\u0107 zbiornika oleju<\/th>\n<td>0,22l<\/td>\n<\/tr>\n<tr>\n<th>D\u0142ugo\u015b\u0107 prowadnicy<\/th>\n<td>41cm<\/td>\n<\/tr>\n<tr>\n<th>Skok \u0142a\u0144cucha<\/th>\n<td>,325 1,3mm<\/td>\n<\/tr>\n<tr>\n<th>Waga<\/th>\n<td>5kg<\/td>\n<\/tr>\n<tr>\n<th><\/th>\n<td><\/td>\n<\/tr>\n<tr>\n<th><\/th>\n<td><\/td>\n<\/tr>\n<tr>\n<th><\/th>\n<td><\/td>\n<\/tr>\n<tr>\n<th><\/th>\n<td><\/td>\n<\/tr>\n<\/tbody>\n<\/table>\n","protected":false},"excerpt":{"rendered":"<p><img loading=\"lazy\" class=\"alignnone size-medium wp-image-5897\" src=\"https:\/\/hudyka.pl\/wypozyczalnia\/wp-content\/uploads\/2024\/10\/oleo-mac-941-cx.800x600w-300x300.jpg\" alt=\"\" width=\"300\" height=\"300\" srcset=\"https:\/\/hudyka.pl\/wypozyczalnia\/wp-content\/uploads\/2024\/10\/oleo-mac-941-cx.800x600w-300x300.jpg 300w, https:\/\/hudyka.pl\/wypozyczalnia\/wp-content\/uploads\/2024\/10\/oleo-mac-941-cx.800x600w-150x150.jpg 150w, https:\/\/hudyka.pl\/wypozyczalnia\/wp-content\/uploads\/2024\/10\/oleo-mac-941-cx.800x600w-194x194.jpg 194w, https:\/\/hudyka.pl\/wypozyczalnia\/wp-content\/uploads\/2024\/10\/oleo-mac-941-cx.800x600w-314x314.jpg 314w, https:\/\/hudyka.pl\/wypozyczalnia\/wp-content\/uploads\/2024\/10\/oleo-mac-941-cx.800x600w-200x200.jpg 200w, https:\/\/hudyka.pl\/wypozyczalnia\/wp-content\/uploads\/2024\/10\/oleo-mac-941-cx.800x600w.jpg 500w\" sizes=\"(max-width: 300px) 100vw, 300px\" \/><\/p>\n","protected":false},"featured_media":5897,"template":"","meta":[],"_links":{"self":[{"href":"https:\/\/hudyka.pl\/wypozyczalnia\/wp-json\/wp\/v2\/product\/5896"}],"collection":[{"href":"https:\/\/hudyka.pl\/wypozyczalnia\/wp-json\/wp\/v2\/product"}],"about":[{"href":"https:\/\/hudyka.pl\/wypozyczalnia\/wp-json\/wp\/v2\/types\/product"}],"wp:featuredmedia":[{"embeddable":true,"href":"https:\/\/hudyka.pl\/wypozyczalnia\/wp-json\/wp\/v2\/media\/5897"}],"wp:attachment":[{"href":"https:\/\/hudyka.pl\/wypozyczalnia\/wp-json\/wp\/v2\/media?parent=5896"}],"curies":[{"name":"wp","href":"https:\/\/api.w.org\/{rel}","templated":true}]}}