{"id":5901,"date":"2025-03-27T10:56:34","date_gmt":"2025-03-27T09:56:34","guid":{"rendered":"https:\/\/hudyka.pl\/wypozyczalnia\/?post_type=product&#038;p=5901"},"modified":"2025-03-27T11:09:10","modified_gmt":"2025-03-27T10:09:10","slug":"glebogryzarka-spalinowa-rc350-oleo-mac","status":"publish","type":"product","link":"https:\/\/hudyka.pl\/wypozyczalnia\/oferta\/glebogryzarka-spalinowa-rc350-oleo-mac\/","title":{"rendered":"Glebogryzarka spalinowa RC350 Oleo-Mac"},"content":{"rendered":"<p>&nbsp;<\/p>\n<p>&nbsp;<\/p>\n<p>&nbsp;<\/p>\n","protected":false},"excerpt":{"rendered":"<p><strong>Dane techniczne:<\/strong><\/p>\n<ul>\n<li><b>silnik<\/b>: Emak<\/li>\n<li><b>pojemno\u015b\u0107<\/b>: 182cm3<\/li>\n<li><strong>moc<\/strong>: 6KM<\/li>\n<li><b>szeroko\u015b\u0107 robocza<\/b>: 50cm<\/li>\n<li><b>kierownica:\u00a0<\/b>regulacja w pionie i poziomie &#8211; MO\u017bLIWO\u015a\u0106 PRACY POD K\u0104TEM DO OSI URZ\u0104DZENIA<\/li>\n<li><b>biegi<\/b>: 1 do przodu, 1 do ty\u0142<\/li>\n<li><strong>Pr\u0119dko\u015b\u0107 obrotowa wirnika rpm<\/strong>: robocza k\u00f3\u0142 (20 obr.\/min.); poruszania prz\u00f3d\/ty\u0142 (55\/31 obr.\/min)<\/li>\n<li><b>Waga<\/b>: 90Kg<\/li>\n<\/ul>\n","protected":false},"featured_media":5902,"template":"","meta":[],"_links":{"self":[{"href":"https:\/\/hudyka.pl\/wypozyczalnia\/wp-json\/wp\/v2\/product\/5901"}],"collection":[{"href":"https:\/\/hudyka.pl\/wypozyczalnia\/wp-json\/wp\/v2\/product"}],"about":[{"href":"https:\/\/hudyka.pl\/wypozyczalnia\/wp-json\/wp\/v2\/types\/product"}],"wp:featuredmedia":[{"embeddable":true,"href":"https:\/\/hudyka.pl\/wypozyczalnia\/wp-json\/wp\/v2\/media\/5902"}],"wp:attachment":[{"href":"https:\/\/hudyka.pl\/wypozyczalnia\/wp-json\/wp\/v2\/media?parent=5901"}],"curies":[{"name":"wp","href":"https:\/\/api.w.org\/{rel}","templated":true}]}}