{"id":5910,"date":"2025-09-05T09:12:25","date_gmt":"2025-09-05T07:12:25","guid":{"rendered":"https:\/\/hudyka.pl\/wypozyczalnia\/?post_type=product&#038;p=5910"},"modified":"2025-09-05T09:15:36","modified_gmt":"2025-09-05T07:15:36","slug":"lanca-do-kostki","status":"publish","type":"product","link":"https:\/\/hudyka.pl\/wypozyczalnia\/oferta\/lanca-do-kostki\/","title":{"rendered":"Lanca do kostki"},"content":{"rendered":"<p>Lanca pod\u0142ogowa wykonana ze stali nierdzewnej. Stosowana jest do mycia powierzchni g\u0142adkich (lekko chropowatych). Dwie dysze o punktowym strumieniu umieszczone na ramieniu obrotowym skutecznie usuwaj\u0105 zabrudzenia.<\/p>\n","protected":false},"excerpt":{"rendered":"<div class=\"std\">\n<p>Ci\u015bnienie: do 280 bar<\/p>\n<p>Przep\u0142yw: 30 l\/min<\/p>\n<p>\u015arednica: 508mm<\/p>\n<p>Temperatura: do 90 stopni<\/p>\n<p>Waga: 14kg<\/p>\n<p>&nbsp;<\/p>\n<\/div>\n","protected":false},"featured_media":5911,"template":"","meta":[],"_links":{"self":[{"href":"https:\/\/hudyka.pl\/wypozyczalnia\/wp-json\/wp\/v2\/product\/5910"}],"collection":[{"href":"https:\/\/hudyka.pl\/wypozyczalnia\/wp-json\/wp\/v2\/product"}],"about":[{"href":"https:\/\/hudyka.pl\/wypozyczalnia\/wp-json\/wp\/v2\/types\/product"}],"wp:featuredmedia":[{"embeddable":true,"href":"https:\/\/hudyka.pl\/wypozyczalnia\/wp-json\/wp\/v2\/media\/5911"}],"wp:attachment":[{"href":"https:\/\/hudyka.pl\/wypozyczalnia\/wp-json\/wp\/v2\/media?parent=5910"}],"curies":[{"name":"wp","href":"https:\/\/api.w.org\/{rel}","templated":true}]}}